{"id":16654,"date":"2024-10-17T10:23:44","date_gmt":"2024-10-17T08:23:44","guid":{"rendered":"https:\/\/www.centerspas.com\/?page_id=16654"},"modified":"2026-04-06T19:32:00","modified_gmt":"2026-04-06T17:32:00","slug":"notre-actualite","status":"publish","type":"page","link":"https:\/\/www.centerspas.com\/index.php\/notre-actualite\/","title":{"rendered":"NOTRE ACTUALITE"},"content":{"rendered":"<div class=\"brz-root__container\"><!-- version:1772638379 --><\/div>\n","protected":false},"excerpt":{"rendered":"","protected":false},"author":2,"featured_media":15207,"parent":0,"menu_order":0,"comment_status":"closed","ping_status":"closed","template":"brizy-blank-template.php","meta":{"_seopress_robots_primary_cat":"","_seopress_titles_title":"CenterSpas - Notre actualit\u00e9","_seopress_titles_desc":"CenterSpas, votre sp\u00e9cialiste du Spa & du Spa de nage depuis plus de 15 ans sur la r\u00e9gion Grand Est.","_seopress_robots_index":"","footnotes":""},"class_list":["post-16654","page","type-page","status-publish","has-post-thumbnail","hentry"],"brizy_media":[{"id":1057,"url":"https:\/\/www.centerspas.com\/wp-content\/uploads\/2024\/07\/Banniere-LinkedIn-Architecte-Moderne-Noir-25.png","name":"Banniere-LinkedIn-Architecte-Moderne-Noir-25.png","meta":{"brizy_attachment_uid":"wp-ed350fc81e4dcfa3e77ecbd24e896743.png","brizy_post_uid":["0cf82079231df5a1735f0bc3722331f2","303ab875e04b0b993e85de302f12f4c0"]}},{"id":7216,"url":"https:\/\/www.centerspas.com\/wp-content\/uploads\/2024\/08\/Brown-and-White-Clean-Yoga-Class-Banner-2.png","name":"Brown-and-White-Clean-Yoga-Class-Banner-2.png","meta":{"brizy_attachment_uid":"wp-e26c07473af5e7a45523cea5e2375e30.png","brizy_post_uid":["0cf82079231df5a1735f0bc3722331f2","303ab875e04b0b993e85de302f12f4c0"]}},{"id":7323,"url":"https:\/\/www.centerspas.com\/wp-content\/uploads\/2024\/08\/logo-centerspas-49.png","name":"logo-centerspas-49.png","meta":{"brizy_attachment_uid":"wp-d33146be79a5f749b8ce3e5e751512d1.png","brizy_post_uid":["0cf82079231df5a1735f0bc3722331f2","303ab875e04b0b993e85de302f12f4c0"]}},{"id":7867,"url":"https:\/\/www.centerspas.com\/wp-content\/uploads\/2024\/09\/logo-centerspas-60.png","name":"logo-centerspas-60.png","meta":{"brizy_attachment_uid":"wp-2c637397ff2c56304e8e8a3025fd4898.png","brizy_post_uid":["0cf82079231df5a1735f0bc3722331f2","303ab875e04b0b993e85de302f12f4c0","00d950a887e7b6923bcabdfbec1470b1","c7f6b799fc860c32bea7f2da0c1edaf1","470732cd7a0632cde2bd936dbba0578e","e64ddb4ba83bbab0ba7b236b9e0fe6c0"]}},{"id":9277,"url":"https:\/\/www.centerspas.com\/wp-content\/uploads\/2024\/09\/Brown-and-White-Clean-Yoga-Class-Banner-11.png","name":"Brown-and-White-Clean-Yoga-Class-Banner-11.png","meta":{"brizy_attachment_uid":"wp-ba1ef22a4e8c116e494421ec1e9faa7a.png","brizy_post_uid":["0cf82079231df5a1735f0bc3722331f2","c7f6b799fc860c32bea7f2da0c1edaf1","303ab875e04b0b993e85de302f12f4c0","470732cd7a0632cde2bd936dbba0578e","4ded29d66dbf12544517333b915b91de"]}},{"id":9316,"url":"https:\/\/www.centerspas.com\/wp-content\/uploads\/2024\/09\/8756072556901634887.jpg","name":"8756072556901634887.jpg","meta":{"brizy_attachment_uid":"wp-30faf9e437d138a6707eb5e60abe7be7.jpg","brizy_post_uid":["0cf82079231df5a1735f0bc3722331f2","303ab875e04b0b993e85de302f12f4c0"]}},{"id":9394,"url":"https:\/\/www.centerspas.com\/wp-content\/uploads\/2024\/09\/IMG-20240906-WA0008.jpg","name":"IMG-20240906-WA0008.jpg","meta":{"brizy_attachment_uid":"wp-22a6ae95f511cd9f5ff2af7bac28b321.jpg","brizy_post_uid":["0cf82079231df5a1735f0bc3722331f2","303ab875e04b0b993e85de302f12f4c0"]}},{"id":9397,"url":"https:\/\/www.centerspas.com\/wp-content\/uploads\/2024\/09\/IMG-20240906-WA0004.jpg","name":"IMG-20240906-WA0004.jpg","meta":{"brizy_attachment_uid":"wp-df98c5a325e28cb61d1862024fd5b1f6.jpg","brizy_post_uid":["0cf82079231df5a1735f0bc3722331f2","303ab875e04b0b993e85de302f12f4c0"]}},{"id":9449,"url":"https:\/\/www.centerspas.com\/wp-content\/uploads\/2024\/09\/5898-Foire-Internationale-de-M.jpg","name":"5898-Foire-Internationale-de-M.jpg","meta":{"brizy_attachment_uid":"wp-2f48c6c002569dc716d0e79e5d914b71.jpg","brizy_post_uid":["0cf82079231df5a1735f0bc3722331f2","303ab875e04b0b993e85de302f12f4c0"]}},{"id":9546,"url":"https:\/\/www.centerspas.com\/wp-content\/uploads\/2024\/09\/IMG-20240906-WA0005.jpg","name":"IMG-20240906-WA0005.jpg","meta":{"brizy_attachment_uid":"wp-955e32ca8a4e03eb8fdc7a29a1185dfe.jpg","brizy_post_uid":["0cf82079231df5a1735f0bc3722331f2","303ab875e04b0b993e85de302f12f4c0"]}},{"id":11871,"url":"https:\/\/www.centerspas.com\/wp-content\/uploads\/2024\/09\/1726579159626.jpeg","name":"1726579159626.jpeg","meta":{"brizy_attachment_uid":"wp-a6a546d2dccfcf6774a6c5bf3bc6c3d6.jpeg","brizy_post_uid":["0cf82079231df5a1735f0bc3722331f2","303ab875e04b0b993e85de302f12f4c0"]}},{"id":11932,"url":"https:\/\/www.centerspas.com\/wp-content\/uploads\/2024\/09\/foire-de-mulhouse.jpg","name":"foire-de-mulhouse.jpg","meta":{"brizy_attachment_uid":"wp-f366adb3753577fee13e021532a9bdf7.jpg","brizy_post_uid":["0cf82079231df5a1735f0bc3722331f2","303ab875e04b0b993e85de302f12f4c0"]}},{"id":13089,"url":"https:\/\/www.centerspas.com\/wp-content\/uploads\/2024\/09\/salon-habitiat-bois-epinal.jpg","name":"salon-habitiat-bois-epinal.jpg","meta":{"brizy_attachment_uid":"wp-49e00871ea837b8dd58655da41a52261.jpg","brizy_post_uid":["0cf82079231df5a1735f0bc3722331f2","303ab875e04b0b993e85de302f12f4c0"]}},{"id":14453,"url":"https:\/\/www.centerspas.com\/wp-content\/uploads\/2024\/09\/54886352-9cb2-4123-9d05-574d75166885-1.jpg","name":"54886352-9cb2-4123-9d05-574d75166885-1.jpg","meta":{"brizy_attachment_uid":"wp-1ccfc43b1807977da53cf1f298afb2a8.jpg","brizy_post_uid":["0cf82079231df5a1735f0bc3722331f2","303ab875e04b0b993e85de302f12f4c0"]}},{"id":14914,"url":"https:\/\/www.centerspas.com\/wp-content\/uploads\/2024\/10\/Banniere-LinkedIn-Architecte-Moderne-Noir-4.png","name":"Banniere-LinkedIn-Architecte-Moderne-Noir-4.png","meta":{"brizy_attachment_uid":"wp-fd5f26e5859a4527c293330121a5fe1f.png","brizy_post_uid":["4ded29d66dbf12544517333b915b91de","303ab875e04b0b993e85de302f12f4c0"]}},{"id":15205,"url":"https:\/\/www.centerspas.com\/wp-content\/uploads\/2024\/10\/IMG_6537-scaled.jpg","name":"IMG_6537.jpg","meta":{"brizy_attachment_uid":"wp-65a0a9cb21145338efe1b3b0d4c41552.jpg","brizy_post_uid":["0cf82079231df5a1735f0bc3722331f2","303ab875e04b0b993e85de302f12f4c0"]}},{"id":15207,"url":"https:\/\/www.centerspas.com\/wp-content\/uploads\/2024\/10\/IMG_6527-scaled.jpg","name":"IMG_6527.jpg","meta":{"brizy_attachment_uid":"wp-f5edd2c6c83d5e24b1e6ca044a8976a3.jpg","brizy_post_uid":["0cf82079231df5a1735f0bc3722331f2","303ab875e04b0b993e85de302f12f4c0"]}},{"id":16660,"url":"https:\/\/www.centerspas.com\/wp-content\/uploads\/2024\/10\/Capture-decran_9-10-2024_115246_www.crystalisland.com_.jpeg","name":"Capture-decran_9-10-2024_115246_www.crystalisland.com_.jpeg","meta":{"brizy_attachment_uid":"wp-19cb93ed3af168f14473556d3bcd0e4e.jpeg","brizy_post_uid":["303ab875e04b0b993e85de302f12f4c0","00d950a887e7b6923bcabdfbec1470b1","470732cd7a0632cde2bd936dbba0578e"]}},{"id":16661,"url":"https:\/\/www.centerspas.com\/wp-content\/uploads\/2024\/10\/OIP-1.png","name":"OIP-1.png","meta":{"brizy_attachment_uid":"wp-59ff0a59287e46b8bac25c380597c71d.png","brizy_post_uid":["303ab875e04b0b993e85de302f12f4c0"]}},{"id":16662,"url":"https:\/\/www.centerspas.com\/wp-content\/uploads\/2024\/10\/Capture-decran_17-10-2024_105645_th.bing_.com_.jpeg","name":"Capture-decran_17-10-2024_105645_th.bing_.com_.jpeg","meta":{"brizy_attachment_uid":"wp-ea3af3a3ac0df421ae474108e38a50fd.jpeg","brizy_post_uid":["303ab875e04b0b993e85de302f12f4c0"]}},{"id":16663,"url":"https:\/\/www.centerspas.com\/wp-content\/uploads\/2024\/10\/OIP-1-1.png","name":"OIP-1-1.png","meta":{"brizy_attachment_uid":"wp-fd5dc7f04cb2e3a150f782ec6e2bb9ca.png","brizy_post_uid":["303ab875e04b0b993e85de302f12f4c0"]}},{"id":25248,"url":"https:\/\/www.centerspas.com\/wp-content\/uploads\/2025\/02\/HAB2025-Bannie\u2560Cre-web-1920x500px-V1-150dpi.png","name":"HAB2025-Bannie\u2560Cre-web-1920x500px-V1-150dpi.png","meta":{"brizy_attachment_uid":"wp-966e1f06fe3e81a6751fe69eac4b22a3.png","brizy_post_uid":["303ab875e04b0b993e85de302f12f4c0"]}}],"_links":{"self":[{"href":"https:\/\/www.centerspas.com\/index.php\/wp-json\/wp\/v2\/pages\/16654","targetHints":{"allow":["GET"]}}],"collection":[{"href":"https:\/\/www.centerspas.com\/index.php\/wp-json\/wp\/v2\/pages"}],"about":[{"href":"https:\/\/www.centerspas.com\/index.php\/wp-json\/wp\/v2\/types\/page"}],"author":[{"embeddable":true,"href":"https:\/\/www.centerspas.com\/index.php\/wp-json\/wp\/v2\/users\/2"}],"replies":[{"embeddable":true,"href":"https:\/\/www.centerspas.com\/index.php\/wp-json\/wp\/v2\/comments?post=16654"}],"version-history":[{"count":12,"href":"https:\/\/www.centerspas.com\/index.php\/wp-json\/wp\/v2\/pages\/16654\/revisions"}],"predecessor-version":[{"id":26899,"href":"https:\/\/www.centerspas.com\/index.php\/wp-json\/wp\/v2\/pages\/16654\/revisions\/26899"}],"wp:featuredmedia":[{"embeddable":true,"href":"https:\/\/www.centerspas.com\/index.php\/wp-json\/wp\/v2\/media\/15207"}],"wp:attachment":[{"href":"https:\/\/www.centerspas.com\/index.php\/wp-json\/wp\/v2\/media?parent=16654"}],"curies":[{"name":"wp","href":"https:\/\/api.w.org\/{rel}","templated":true}]}}