{"id":20285,"date":"2024-11-21T09:06:23","date_gmt":"2024-11-21T08:06:23","guid":{"rendered":"https:\/\/www.centerspas.com\/?page_id=20285"},"modified":"2026-04-06T20:29:28","modified_gmt":"2026-04-06T18:29:28","slug":"contrat-dentretien-spas","status":"publish","type":"page","link":"https:\/\/www.centerspas.com\/index.php\/centerspas\/services\/contrats-dentretien\/contrat-dentretien-spas\/","title":{"rendered":"Contrats d&rsquo;entretien Spas"},"content":{"rendered":"<div class=\"brz brz-root__container brz-reset-all brz-root__container-page\">\n<section id=\"k1rKBsYE6xAZ_k1rKBsYE6xAZ\" class=\"brz-section brz-css-d-section brz-css-t2wqt7\">\n<div class=\"brz-section__content brz-section--fullWidth brz-css-d-sectionitem-bg brz-css-1u16rge\" data-brz-custom-id=\"mEXwgNCOdbFB\">\n<div class=\"brz-bg\">\n<div class=\"brz-bg-image\"><\/div>\n<\/div>\n<div class=\"brz-container brz-css-d-sectionitem-container brz-css-1oftqpi\">\n<div id=\"\" class=\"brz-css-d-wrapper brz-css-r-wrapper brz-css-1vdk1m9 brz-wrapper\">\n<div class=\"brz-spacer brz-css-d-spacer brz-css-1gym2v2\"><\/div>\n<\/div>\n<div id=\"\" class=\"brz-css-d-wrapper brz-css-r-wrapper brz-css-fgv05i brz-wrapper\">\n<div class=\"brz-spacer brz-css-d-spacer brz-css-1jka7ne\"><\/div>\n<\/div>\n<div id=\"\" class=\"brz-css-d-wrapper brz-css-fi7vhg brz-wrapper\">\n<div class=\"brz-image brz-css-d-image-pogmsegylugr-parent brz-css-1a3v7g1\" data-brz-custom-id=\"pOGmseGYlUGR\"><img decoding=\"async\" class=\"brz-img\" src=\"https:\/\/www.centerspas.com\/wp-content\/uploads\/brizy\/imgs\/Pink-Modern-Facebook-Profile-Picture-2024-08-12T114436.584-979x979x0x365x979x250x1764958489.png\" loading=\"lazy\" alt=\"\" title=\"Pink Modern Facebook Profile Picture - 2024-08-12T114436.584\"><\/div>\n<\/div>\n<div class=\"brz-row__container brz-css-d-row-row brz-css-od85jz\" data-brz-custom-id=\"coa0Gvuyb4et\">\n<div class=\"brz-row brz-css-d-row-container brz-css-r-row-container brz-css-chn85k\">\n<div class=\"brz-columns brz-css-d-column-column brz-css-19eglw0\" data-brz-custom-id=\"dXj52i0JFb6k\">\n<div class=\"brz-column__items brz-css-d-column-bg brz-css-sxtuws\">\n<div id=\"\" class=\"brz-css-d-wrapper brz-css-1di6yjv brz-wrapper\">\n<div class=\"brz-rich-text brz-rich-text__custom brz-css-d-richtext brz-css-j7tnxx\" data-brz-custom-id=\"soLuuWjL7kys\">\n<div data-brz-translate-text=\"1\">\n<p class=\"brz-fs-lg-50 brz-ft-google brz-ff-montserrat brz-tp-lg-empty brz-fsft-lg-0 brz-fwdth-lg-100 brz-vfw-lg-400 brz-lh-lg-1_9 brz-ls-lg-0 brz-fw-lg-500 brz-fss-lg-px brz-text-lg-center brz-fss-xs-px brz-fw-xs-500 brz-ls-xs-0 brz-lh-xs-1_9 brz-vfw-xs-400 brz-fwdth-xs-100 brz-fsft-xs-0 brz-tp-xs-empty brz-fs-xs-39 brz-css-uB35K\" data-generated-css=\"brz-css-gqC0L\" data-uniq-id=\"gAzaN\"><strong class=\"brz-cp-color8\">Contrats d&rsquo;entretien Spas<\/strong><\/p>\n<\/div>\n<\/div>\n<\/div>\n<div id=\"\" class=\"brz-css-d-wrapper brz-css-r-wrapper brz-css-1msf5mt brz-wrapper\">\n<div class=\"brz-spacer brz-css-d-spacer brz-css-9kurgd\"><\/div>\n<\/div>\n<\/div>\n<\/div>\n<\/div>\n<\/div>\n<\/div>\n<\/div>\n<\/section>\n<section id=\"mU3UgVn7jHPO_mU3UgVn7jHPO\" class=\"brz-section brz-css-d-section brz-css-113n8ut\">\n<div class=\"brz-section__content brz-section--boxed brz-css-d-sectionitem-bg brz-css-1klzfrp\" data-brz-custom-id=\"qf8ZTUG5XCOX\">\n<div class=\"brz-container brz-css-d-sectionitem-container brz-css-b87hrc\">\n<div class=\"brz-row__container brz-css-d-row-row brz-css-zwn828\" data-brz-custom-id=\"ke2OoNoyCNdC\">\n<div class=\"brz-row brz-css-d-row-container brz-css-r-row-container brz-css-13xk0ba\">\n<div class=\"brz-columns brz-css-d-column-column brz-css-wopryq\" data-brz-custom-id=\"d9RAyTWvW7kc\">\n<div class=\"brz-bg\">\n<div class=\"brz-bg-color\"><\/div>\n<\/div>\n<div class=\"brz-column__items brz-css-d-column-bg brz-css-vzofnk\">\n<div id=\"\" class=\"brz-css-d-wrapper brz-css-g8pq5m brz-wrapper\">\n<div class=\"brz-image brz-css-d-image-qtwknso0gdv5-parent brz-css-109k7tv\" data-brz-custom-id=\"qtWKNso0GDv5\"><img decoding=\"async\" class=\"brz-img\" src=\"https:\/\/www.centerspas.com\/wp-content\/uploads\/2024\/07\/ARBORESCENCE-DU-SITE-CENTERSPAS-22.png\" loading=\"lazy\" alt=\"\" title=\"ARBORESCENCE-DU-SITE-CENTERSPAS-22\"><\/div>\n<\/div>\n<div id=\"\" class=\"brz-css-d-wrapper brz-css-1ydvf0l brz-wrapper\">\n<div class=\"brz-rich-text brz-rich-text__custom brz-css-d-richtext brz-css-r6ss2k\" data-brz-custom-id=\"ylZaUP1fbajM\">\n<div data-brz-translate-text=\"1\">\n<h2 data-uniq-id=\"f7GSt\" data-generated-css=\"brz-css-u3Aam\" class=\"brz-ff-tinos brz-ft-google brz-fs-lg-18 brz-fss-lg-px brz-fw-lg-400 brz-ls-lg-0 brz-lh-lg-1_9 brz-vfw-lg-400 brz-fwdth-lg-100 brz-fsft-lg-0 brz-tp-lg-heading2 brz-text-lg-center brz-css-mpCWq\"><span class=\"brz-cp-color2\">Formule Crystal<\/span><\/h2>\n<\/div>\n<\/div>\n<\/div>\n<div id=\"\" class=\"brz-css-d-wrapper brz-css-1ycpam2 brz-wrapper\">\n<div class=\"brz-rich-text brz-rich-text__custom brz-css-d-richtext brz-css-149s3x2\" data-brz-custom-id=\"oJ7kS0TDNjEE\">\n<div data-brz-translate-text=\"1\">\n<p class=\"brz-text-lg-center brz-fss-lg-px brz-fw-lg-500 brz-ls-lg-0 brz-lh-lg-1_5 brz-vfw-lg-400 brz-fwdth-lg-100 brz-fsft-lg-0 brz-tp-lg-empty brz-ff-montserrat brz-ft-google brz-fs-lg-30 brz-css-ybWje\" data-uniq-id=\"aQiZ6\" data-generated-css=\"brz-css-gl__e\"><span class=\"brz-cp-color2\">29,90\u20ac\/mois <\/span><\/p>\n<\/div>\n<\/div>\n<\/div>\n<div id=\"\" class=\"brz-css-d-wrapper brz-css-1cno8cw brz-wrapper\">\n<div class=\"brz-rich-text brz-rich-text__custom brz-css-d-richtext brz-css-yx553t\" data-brz-custom-id=\"zzRNQq6m06Jh\">\n<div data-brz-translate-text=\"1\">\n<p class=\"brz-fss-lg-px brz-fw-lg-500 brz-ls-lg-0 brz-lh-lg-1_5 brz-vfw-lg-400 brz-fwdth-lg-100 brz-fsft-lg-0 brz-tp-lg-empty brz-ff-montserrat brz-ft-google brz-fs-lg-23 brz-text-lg-center brz-css-wrddU\" data-generated-css=\"brz-css-xmWaY\" data-uniq-id=\"jnBC0\"><span class=\"brz-cp-color2\">ou 390\u20ac comptant<\/span><\/p>\n<\/div>\n<\/div>\n<\/div>\n<div id=\"\" class=\"brz-css-d-wrapper brz-css-u0bm2t brz-wrapper\">\n<div class=\"brz-rich-text brz-rich-text__custom brz-css-d-richtext brz-css-s3uoir\" data-brz-custom-id=\"gr9qs8MA63VG\">\n<div data-brz-translate-text=\"1\">\n<p class=\"brz-fsft-lg-0 brz-fwdth-lg-100 brz-vfw-lg-400 brz-lh-lg-1_4 brz-ls-lg-m_1_5 brz-fw-lg-700 brz-fss-lg-px brz-bcp-color2 brz-tp-lg-empty brz-ff-tinos brz-ft-google brz-fs-lg-29 brz-css-y9OPK\" data-generated-css=\"brz-css-rh6RC\" data-uniq-id=\"vag2K\">Passage du technicien 1 fois par an :<\/p>\n<\/div>\n<\/div>\n<\/div>\n<div id=\"\" class=\"brz-css-d-wrapper brz-css-13a6enz brz-wrapper\">\n<div class=\"brz-rich-text brz-rich-text__custom brz-css-d-richtext brz-css-1l685h1\" data-brz-custom-id=\"w0ai6SuBf59m\">\n<div data-brz-translate-text=\"1\">\n<ul>\n<li class=\"brz-text-lg-justify brz-tp-lg-empty brz-ff-montserrat brz-ft-google brz-fs-lg-18 brz-fss-lg-px brz-fw-lg-500 brz-ls-lg-0 brz-lh-lg-1_6 brz-vfw-lg-400 brz-fwdth-lg-100 brz-fsft-lg-0 brz-bcp-color2 brz-css-i1xih\" data-uniq-id=\"fAx_A\" data-generated-css=\"brz-css-vdgj6\"><span class=\"brz-cp-color2\">Contr\u00f4le et resserage des c\u00e2bles \u00e9lectriques<\/span><\/li>\n<li class=\"brz-text-lg-justify brz-tp-lg-empty brz-ff-montserrat brz-ft-google brz-fs-lg-18 brz-fss-lg-px brz-fw-lg-500 brz-ls-lg-0 brz-lh-lg-1_6 brz-vfw-lg-400 brz-fwdth-lg-100 brz-fsft-lg-0 brz-bcp-color2 brz-css-zAln_\" data-uniq-id=\"rZirm\" data-generated-css=\"brz-css-xweF9\"><span class=\"brz-cp-color2\">Contr\u00f4le des pompes \u00e0 air et eau<\/span><\/li>\n<li class=\"brz-text-lg-justify brz-tp-lg-empty brz-ff-montserrat brz-ft-google brz-fs-lg-18 brz-fss-lg-px brz-fw-lg-500 brz-ls-lg-0 brz-lh-lg-1_6 brz-vfw-lg-400 brz-fwdth-lg-100 brz-fsft-lg-0 brz-bcp-color2 brz-css-um5tJ\" data-uniq-id=\"xmSzi\" data-generated-css=\"brz-css-ww6gb\"><span class=\"brz-cp-color2\">Contr\u00f4le du r\u00e9chauffeur<\/span><\/li>\n<li class=\"brz-text-lg-justify brz-tp-lg-empty brz-ff-montserrat brz-ft-google brz-fs-lg-18 brz-fss-lg-px brz-fw-lg-500 brz-ls-lg-0 brz-lh-lg-1_6 brz-vfw-lg-400 brz-fwdth-lg-100 brz-fsft-lg-0 brz-bcp-color2 brz-css-ztqFd\" data-uniq-id=\"fPK9A\" data-generated-css=\"brz-css-y_lOA\"><span class=\"brz-cp-color2\">Contr\u00f4le de la pompe de filtration et ozonateur<\/span><\/li>\n<li class=\"brz-text-lg-justify brz-tp-lg-empty brz-ff-montserrat brz-ft-google brz-fs-lg-18 brz-fss-lg-px brz-fw-lg-500 brz-ls-lg-0 brz-lh-lg-1_6 brz-vfw-lg-400 brz-fwdth-lg-100 brz-fsft-lg-0 brz-bcp-color2 brz-css-pdh64\" data-uniq-id=\"zXjg8\" data-generated-css=\"brz-css-q2ZfI\"><span class=\"brz-cp-color2\">Contr\u00f4le des filtres (remplacement si besoin : tarif sur demande) et test de l&rsquo;eau avec le technicien <\/span><\/li>\n<li class=\"brz-text-lg-justify brz-tp-lg-empty brz-ff-montserrat brz-ft-google brz-fs-lg-18 brz-fss-lg-px brz-fw-lg-500 brz-ls-lg-0 brz-lh-lg-1_6 brz-vfw-lg-400 brz-fwdth-lg-100 brz-fsft-lg-0 brz-bcp-color2 brz-css-w7Q0I\" data-uniq-id=\"ooj1A\" data-generated-css=\"brz-css-gzHSI\"><span class=\"brz-cp-color2\">Contr\u00f4le du resserage des vannes<\/span><\/li>\n<li class=\"brz-text-lg-justify brz-tp-lg-empty brz-ff-montserrat brz-ft-google brz-fs-lg-18 brz-fss-lg-px brz-fw-lg-500 brz-ls-lg-0 brz-lh-lg-1_6 brz-vfw-lg-400 brz-fwdth-lg-100 brz-fsft-lg-0 brz-bcp-color2 brz-css-yGLDE\" data-uniq-id=\"sE2Nw\" data-generated-css=\"brz-css-vSKBp\"><span class=\"brz-cp-color2\">Nettoyage de la cuve avec une vidange<\/span><\/li>\n<li class=\"brz-text-lg-justify brz-tp-lg-empty brz-ff-montserrat brz-ft-google brz-fs-lg-18 brz-fss-lg-px brz-fw-lg-500 brz-ls-lg-0 brz-lh-lg-1_6 brz-vfw-lg-400 brz-fwdth-lg-100 brz-fsft-lg-0 brz-bcp-color2 brz-css-wJnku\" data-uniq-id=\"xK1ZF\" data-generated-css=\"brz-css-wF2Yi\"><span class=\"brz-cp-color2\">Entretien de la couverture avec application d&rsquo;un produit d&rsquo;entretien <\/span><\/li>\n<li class=\"brz-text-lg-justify brz-tp-lg-empty brz-ff-montserrat brz-ft-google brz-fs-lg-18 brz-fss-lg-px brz-fw-lg-500 brz-ls-lg-0 brz-lh-lg-1_6 brz-vfw-lg-400 brz-fwdth-lg-100 brz-fsft-lg-0 brz-bcp-color2 brz-css-o2Esn\" data-uniq-id=\"uodFD\" data-generated-css=\"brz-css-au4Ua\"><span class=\"brz-cp-color2\">Main d&rsquo;oeuvre incluse dans la prestation (en cas de n\u00e9cessit\u00e9 de remplacement de pi\u00e8ces d\u00e9tach\u00e9es la main d&rsquo;oeuvre ainsi que les pi\u00e8ces \u00e0 changer seront factur\u00e9es en sus)<\/span><\/li>\n<\/ul>\n<\/div>\n<\/div>\n<\/div>\n<div id=\"\" class=\"brz-css-d-wrapper brz-css-r-wrapper brz-css-2t2e0h brz-wrapper\">\n<div class=\"brz-spacer brz-css-d-spacer brz-css-1dkr2gd\"><\/div>\n<\/div>\n<div class=\"brz-row__container brz-css-d-row-row brz-css-1pd7khs\" data-brz-custom-id=\"bPcKQ2n7zCup\">\n<div class=\"brz-row brz-row--inner brz-css-d-row-container brz-css-1spwwdk\">\n<div class=\"brz-columns brz-css-d-column-column brz-css-noprvd\" data-brz-custom-id=\"iDsB1XPmAYg4\">\n<div class=\"brz-column__items brz-css-d-column-bg brz-css-1lxiyf8\">\n<div id=\"\" class=\"brz-css-d-wrapper brz-css-16uunj1 brz-wrapper\">\n<div class=\"brz-rich-text brz-rich-text__custom brz-css-d-richtext brz-css-1kq1esx\" data-brz-custom-id=\"vz20xWEAb8td\">\n<div data-brz-translate-text=\"1\">\n<p data-uniq-id=\"hPC5_\" data-generated-css=\"brz-css-n0UXK\" class=\"brz-fss-lg-px brz-fw-lg-500 brz-ls-lg-0 brz-lh-lg-1_6 brz-vfw-lg-400 brz-fwdth-lg-100 brz-fsft-lg-0 brz-tp-lg-empty brz-ff-montserrat brz-ft-google brz-fs-lg-20 brz-css-cSw3p\"><span class=\"brz-cp-color2\">10% de r\u00e9duction sur les produits d&rsquo;entretien \u00e0 l&rsquo;ann\u00e9e<\/span><\/p>\n<\/div>\n<\/div>\n<\/div>\n<\/div>\n<\/div>\n<\/div>\n<\/div>\n<div id=\"\" class=\"brz-css-d-wrapper brz-css-r-wrapper brz-css-6m2a3n brz-wrapper\">\n<div class=\"brz-spacer brz-css-d-spacer brz-css-weibql\"><\/div>\n<\/div>\n<div class=\"brz-wrapper-clone brz-flex-xs-wrap brz-css-d-cloneable brz-css-yqge7r\" data-brz-custom-id=\"tkz9GH4oJ1CS\"><a class=\"brz-a brz-btn brz-css-d-button brz-css-12osx5w brz-css-d-button-bg brz-css-p3xhve\" target=\"_self\" rel=\"noopener\" href=\"https:\/\/www.centerspas.com\/index.php\/demande-dentretien-formule-crystal\/\" data-brz-link-type=\"page\" data-brz-custom-id=\"s3sQzsOSVNT1\"><span data-brz-translate-text=\"1\" class=\"brz-span brz-text__editor\">Je choisis ce contrat&nbsp;<\/span><\/a><\/div>\n<\/div>\n<\/div>\n<div class=\"brz-columns brz-css-d-column-column brz-css-1jsmoco\" data-brz-custom-id=\"ivxzv_WmEHqH\">\n<div class=\"brz-column__items brz-css-d-column-bg brz-css-1tex5vh\">\n<div id=\"\" class=\"brz-css-d-wrapper brz-css-1acyajq brz-wrapper\">\n<div class=\"brz-image brz-css-d-image-biqyp9s2pdyo-parent brz-css-1l3tlim\" data-brz-custom-id=\"biQYP9S2pdyo\"><img decoding=\"async\" class=\"brz-img\" src=\"https:\/\/www.centerspas.com\/wp-content\/uploads\/2024\/07\/ARBORESCENCE-DU-SITE-CENTERSPAS-47.png\" loading=\"lazy\" alt=\"\" title=\"ARBORESCENCE-DU-SITE-CENTERSPAS-47\"><\/div>\n<\/div>\n<div id=\"\" class=\"brz-css-d-wrapper brz-css-154u3k3 brz-wrapper\">\n<div class=\"brz-rich-text brz-rich-text__custom brz-css-d-richtext brz-css-e8l8nl\" data-brz-custom-id=\"sHF5zpke0cVO\">\n<div data-brz-translate-text=\"1\">\n<h2 data-uniq-id=\"rY_jz\" data-generated-css=\"brz-css-dlFQX\" class=\"brz-tp-lg-heading2 brz-text-lg-center brz-css-mOiOb\"><span class=\"brz-cp-color2\">Formule Diamand<\/span><\/h2>\n<\/div>\n<\/div>\n<\/div>\n<div id=\"\" class=\"brz-css-d-wrapper brz-css-1es0zzx brz-wrapper\">\n<div class=\"brz-rich-text brz-rich-text__custom brz-css-d-richtext brz-css-nnxy0c\" data-brz-custom-id=\"iP7S6uE_kvB0\">\n<div data-brz-translate-text=\"1\">\n<p class=\"brz-text-lg-center brz-vfw-lg-400 brz-fwdth-lg-100 brz-fsft-lg-0 brz-tp-lg-empty brz-ff-montserrat brz-ft-google brz-fs-lg-30 brz-fss-lg-px brz-fw-lg-500 brz-ls-lg-0 brz-lh-lg-1_5 brz-css-snIvO\" data-generated-css=\"brz-css-k4nGQ\" data-uniq-id=\"defIn\"><span class=\"brz-cp-color2\">64,90\u20ac\/mois<\/span><\/p>\n<\/div>\n<\/div>\n<\/div>\n<div id=\"\" class=\"brz-css-d-wrapper brz-css-fdw4ct brz-wrapper\">\n<div class=\"brz-rich-text brz-rich-text__custom brz-css-d-richtext brz-css-jxwdho\" data-brz-custom-id=\"r_aDVNiJTNXt\">\n<div data-brz-translate-text=\"1\">\n<p class=\"brz-lh-lg-1_5 brz-ls-lg-0 brz-fw-lg-500 brz-fss-lg-px brz-fs-lg-23 brz-ft-google brz-ff-montserrat brz-tp-lg-empty brz-fsft-lg-0 brz-fwdth-lg-100 brz-vfw-lg-400 brz-text-lg-center brz-css-azHu1\" data-generated-css=\"brz-css-zwgf0\" data-uniq-id=\"cJFCK\"><span class=\"brz-cp-color2\">ou 780\u20ac comptant<\/span><\/p>\n<\/div>\n<\/div>\n<\/div>\n<div id=\"\" class=\"brz-css-d-wrapper brz-css-c1cv2q brz-wrapper\">\n<div class=\"brz-rich-text brz-rich-text__custom brz-css-d-richtext brz-css-davp68\" data-brz-custom-id=\"hsi6ALbW949o\">\n<div data-brz-translate-text=\"1\">\n<p class=\"brz-fsft-lg-0 brz-fwdth-lg-100 brz-vfw-lg-400 brz-lh-lg-1_4 brz-ls-lg-m_1_5 brz-fw-lg-700 brz-fss-lg-px brz-text-lg-justify brz-tp-lg-empty brz-ff-tinos brz-ft-google brz-fs-lg-29 brz-css-kYghd\" data-generated-css=\"brz-css-vQstz\" data-uniq-id=\"u5F3l\"><span class=\"brz-cp-color2\">Passage du technicien 2 fois par an : <\/span><\/p>\n<\/div>\n<\/div>\n<\/div>\n<div id=\"\" class=\"brz-css-d-wrapper brz-css-10zix0t brz-wrapper\">\n<div class=\"brz-rich-text brz-rich-text__custom brz-css-d-richtext brz-css-1tj3il5\" data-brz-custom-id=\"x4l4z2se7eDy\">\n<div data-brz-translate-text=\"1\">\n<ul>\n<li class=\"brz-tp-lg-empty brz-ff-montserrat brz-ft-google brz-fs-lg-18 brz-fss-lg-px brz-fw-lg-500 brz-ls-lg-0 brz-lh-lg-1_6 brz-vfw-lg-400 brz-fwdth-lg-100 brz-fsft-lg-0 brz-bcp-color2 brz-css-qNdf0\" data-uniq-id=\"zDQLk\" data-generated-css=\"brz-css-aG8s8\"><span class=\"brz-cp-color2\">Contr\u00f4le et resserage des c\u00e2bles \u00e9lectriques<\/span><\/li>\n<li class=\"brz-tp-lg-empty brz-ff-montserrat brz-ft-google brz-fs-lg-18 brz-fss-lg-px brz-fw-lg-500 brz-ls-lg-0 brz-lh-lg-1_6 brz-vfw-lg-400 brz-fwdth-lg-100 brz-fsft-lg-0 brz-bcp-color2 brz-css-yY7Gi\" data-uniq-id=\"svH_W\" data-generated-css=\"brz-css-qnoR4\"><span class=\"brz-cp-color2\">Contr\u00f4le des pompes \u00e0 air et eau <\/span><\/li>\n<li class=\"brz-tp-lg-empty brz-ff-montserrat brz-ft-google brz-fs-lg-18 brz-fss-lg-px brz-fw-lg-500 brz-ls-lg-0 brz-lh-lg-1_6 brz-vfw-lg-400 brz-fwdth-lg-100 brz-fsft-lg-0 brz-bcp-color2 brz-css-odzg3\" data-uniq-id=\"xPMnG\" data-generated-css=\"brz-css-rtrN6\"><span class=\"brz-cp-color2\">Contr\u00f4le du r\u00e9chauffeur<\/span><\/li>\n<li class=\"brz-tp-lg-empty brz-ff-montserrat brz-ft-google brz-fs-lg-18 brz-fss-lg-px brz-fw-lg-500 brz-ls-lg-0 brz-lh-lg-1_6 brz-vfw-lg-400 brz-fwdth-lg-100 brz-fsft-lg-0 brz-bcp-color2 brz-css-sPUtQ\" data-uniq-id=\"r9O68\" data-generated-css=\"brz-css-okxQH\"><span class=\"brz-cp-color2\">Contr\u00f4le de la pompe de filtration et ozonateur<\/span><\/li>\n<li class=\"brz-tp-lg-empty brz-ff-montserrat brz-ft-google brz-fs-lg-18 brz-fss-lg-px brz-fw-lg-500 brz-ls-lg-0 brz-lh-lg-1_6 brz-vfw-lg-400 brz-fwdth-lg-100 brz-fsft-lg-0 brz-bcp-color2 brz-css-kfhd0\" data-uniq-id=\"aydJP\" data-generated-css=\"brz-css-e0bl2\"><span class=\"brz-cp-color2\">Contr\u00f4le des filtres (remplacement si besoin : tarif sur demande) et test de l&rsquo;eau avec le technicien<\/span><\/li>\n<li class=\"brz-tp-lg-empty brz-ff-montserrat brz-ft-google brz-fs-lg-18 brz-fss-lg-px brz-fw-lg-500 brz-ls-lg-0 brz-lh-lg-1_6 brz-vfw-lg-400 brz-fwdth-lg-100 brz-fsft-lg-0 brz-bcp-color2 brz-css-n3NtX\" data-uniq-id=\"hn3X0\" data-generated-css=\"brz-css-fRrz1\"><span class=\"brz-cp-color2\">Contr\u00f4le du resserage des vannes<\/span><\/li>\n<li class=\"brz-tp-lg-empty brz-ff-montserrat brz-ft-google brz-fs-lg-18 brz-fss-lg-px brz-fw-lg-500 brz-ls-lg-0 brz-lh-lg-1_6 brz-vfw-lg-400 brz-fwdth-lg-100 brz-fsft-lg-0 brz-bcp-color2 brz-css-al2fg\" data-uniq-id=\"wQMqC\" data-generated-css=\"brz-css-cDhpI\"><span class=\"brz-cp-color2\">Nettoyage de la cuve avec une vidange incluse et nettoyage de la tuyauterie<\/span><\/li>\n<li class=\"brz-tp-lg-empty brz-ff-montserrat brz-ft-google brz-fs-lg-18 brz-fss-lg-px brz-fw-lg-500 brz-ls-lg-0 brz-lh-lg-1_6 brz-vfw-lg-400 brz-fwdth-lg-100 brz-fsft-lg-0 brz-bcp-color2 brz-css-ip9gj\" data-uniq-id=\"bUiFT\" data-generated-css=\"brz-css-l43Qh\"><span class=\"brz-cp-color2\">Entretien de la couverture avec application d&rsquo;un produit d&rsquo;entretien <\/span><\/li>\n<li class=\"brz-tp-lg-empty brz-ff-montserrat brz-ft-google brz-fs-lg-18 brz-fss-lg-px brz-fw-lg-500 brz-ls-lg-0 brz-lh-lg-1_6 brz-vfw-lg-400 brz-fwdth-lg-100 brz-fsft-lg-0 brz-bcp-color2 brz-css-v_LVd\" data-uniq-id=\"tFQWt\" data-generated-css=\"brz-css-fmjrX\"><span class=\"brz-cp-color2\">Entretien de l&rsquo;eau : \u00e9quilibrage de l&rsquo;alcanit\u00e9 et du ph si n\u00e9cessaire <\/span><\/li>\n<li class=\"brz-tp-lg-empty brz-ff-montserrat brz-ft-google brz-fs-lg-18 brz-fss-lg-px brz-fw-lg-500 brz-ls-lg-0 brz-lh-lg-1_6 brz-vfw-lg-400 brz-fwdth-lg-100 brz-fsft-lg-0 brz-bcp-color2 brz-css-rG8xp\" data-uniq-id=\"eyMRX\" data-generated-css=\"brz-css-i8N5D\"><span class=\"brz-cp-color2\">Nettoyage du filtre (remplacement si besoin : tarif sur demande)<\/span><\/li>\n<li class=\"brz-tp-lg-empty brz-ff-montserrat brz-ft-google brz-fs-lg-18 brz-fss-lg-px brz-fw-lg-500 brz-ls-lg-0 brz-lh-lg-1_6 brz-vfw-lg-400 brz-fwdth-lg-100 brz-fsft-lg-0 brz-bcp-color2 brz-css-eX97U\" data-uniq-id=\"nNGi8\" data-generated-css=\"brz-css-i5qqq\"><span class=\"brz-cp-color2\">Produit n\u00e9cessaire pour la prestation inclus dans le pack <\/span><\/li>\n<li class=\"brz-tp-lg-empty brz-ff-montserrat brz-ft-google brz-fs-lg-18 brz-fss-lg-px brz-fw-lg-500 brz-ls-lg-0 brz-lh-lg-1_6 brz-vfw-lg-400 brz-fwdth-lg-100 brz-fsft-lg-0 brz-bcp-color2 brz-css-xw12x\" data-uniq-id=\"zrJe0\" data-generated-css=\"brz-css-pLXNL\"><span class=\"brz-cp-color2\">Main d&rsquo;oeuvre incluse dans la prestation (en cas de n\u00e9cessit\u00e9 de remplacement de pi\u00e8ces d\u00e9tach\u00e9es la main d&rsquo;oeuvre ainsi que les pi\u00e8ces \u00e0 changer seront factur\u00e9es en sus) <\/span><\/li>\n<\/ul>\n<\/div>\n<\/div>\n<\/div>\n<div class=\"brz-row__container brz-css-d-row-row brz-css-16ke09a\" data-brz-custom-id=\"xWlsb_20ZCEH\">\n<div class=\"brz-row brz-row--inner brz-css-d-row-container brz-css-qy6klc\">\n<div class=\"brz-columns brz-css-d-column-column brz-css-bkdaoj\" data-brz-custom-id=\"b21m_AFEeJww\">\n<div class=\"brz-column__items brz-css-d-column-bg brz-css-1ldnuxs\">\n<div id=\"\" class=\"brz-css-d-wrapper brz-css-1c0l6bz brz-wrapper\">\n<div class=\"brz-rich-text brz-rich-text__custom brz-css-d-richtext brz-css-1vz34no\" data-brz-custom-id=\"cFqLVp7rzklO\">\n<div data-brz-translate-text=\"1\">\n<p class=\"brz-tp-lg-empty brz-ff-montserrat brz-ft-google brz-fs-lg-20 brz-fss-lg-px brz-fw-lg-500 brz-ls-lg-0 brz-lh-lg-1_7 brz-vfw-lg-400 brz-fwdth-lg-100 brz-fsft-lg-0 brz-css-woOXK\" data-generated-css=\"brz-css-m8oVA\" data-uniq-id=\"itMrl\"><span class=\"brz-cp-color2\">20% de remise sur les produits d&rsquo;entretien \u00e0 l&rsquo;ann\u00e9e<\/span><\/p>\n<p data-generated-css=\"brz-css-m8oVA\" data-uniq-id=\"itMrl\" class=\"brz-tp-lg-empty brz-ff-montserrat brz-ft-google brz-fs-lg-20 brz-fss-lg-px brz-fw-lg-500 brz-ls-lg-0 brz-lh-lg-1_7 brz-vfw-lg-400 brz-fwdth-lg-100 brz-fsft-lg-0 brz-css-jEVG3\"><span class=\"brz-cp-color2\">Un avantage prioritaire sur le service apr\u00e8s-vente<\/span><\/p>\n<\/div>\n<\/div>\n<\/div>\n<\/div>\n<\/div>\n<\/div>\n<\/div>\n<div class=\"brz-wrapper-clone brz-flex-xs-wrap brz-css-d-cloneable brz-css-3aalu1\" data-brz-custom-id=\"oFFkOIvhGvj_\"><a class=\"brz-a brz-btn brz-css-d-button brz-css-1m4soww brz-css-d-button-bg brz-css-1sbezy1\" target=\"_self\" rel=\"noopener\" href=\"https:\/\/www.centerspas.com\/index.php\/demande-dentretien-formule-diamand\/\" data-brz-link-type=\"page\" data-brz-custom-id=\"hlvemkT6R6Ns\"><span data-brz-translate-text=\"1\" class=\"brz-span brz-text__editor\">Je choisis ce contrat<\/span><\/a><\/div>\n<\/div>\n<\/div>\n<\/div>\n<\/div>\n<\/div>\n<\/div>\n<\/section><\/div>\n<p><!-- version:1775140290 --><\/p>\n","protected":false},"excerpt":{"rendered":"<p>Contrats d&rsquo;entretien Spas Formule Crystal 29,90\u20ac\/mois ou 390\u20ac comptant Passage du technicien 1 fois par an : Contr\u00f4le et resserage des c\u00e2bles \u00e9lectriques Contr\u00f4le des pompes \u00e0 air et eau Contr\u00f4le du r\u00e9chauffeur Contr\u00f4le de la pompe de filtration et ozonateur Contr\u00f4le des filtres (remplacement si besoin : tarif sur demande) et test de l&rsquo;eau&#8230;<\/p>\n","protected":false},"author":2,"featured_media":20033,"parent":18920,"menu_order":0,"comment_status":"closed","ping_status":"closed","template":"brizy-blank-template.php","meta":{"_seopress_robots_primary_cat":"","_seopress_titles_title":"CenterSpas - Contrat d'entretien Spas","_seopress_titles_desc":"Assurez-vous d'un spa propre et fonctionnel toute l'ann\u00e9e. Nos contrats d'entretien incluent une v\u00e9rification compl\u00e8te et des traitements adapt\u00e9s.","_seopress_robots_index":"","footnotes":""},"class_list":["post-20285","page","type-page","status-publish","has-post-thumbnail","hentry"],"brizy_media":[{"id":7921,"url":"https:\/\/www.centerspas.com\/wp-content\/uploads\/2024\/09\/Entreprise-Site-Web-Facebook-Couverture.png","name":"Entreprise-Site-Web-Facebook-Couverture.png","meta":{"brizy_attachment_uid":"wp-6ff36c96aba8a5e3da8634c2c2e655e2.png","brizy_post_uid":["0cf82079231df5a1735f0bc3722331f2","83e1eb2617452ed61968264cbccc7ba6","57988d15db2545275c537d08254e4bb9"]}},{"id":18998,"url":"https:\/\/www.centerspas.com\/wp-content\/uploads\/2024\/11\/Capture-decran_9-10-2024_115217_www.crystalisland.png","name":"Capture-decran_9-10-2024_115217_www.crystalisland.png","meta":{"brizy_attachment_uid":"wp-cb97f0a4ba967392678d110a99b4c499.png","brizy_post_uid":["83e1eb2617452ed61968264cbccc7ba6"]}},{"id":293,"url":"https:\/\/www.centerspas.com\/wp-content\/uploads\/2024\/07\/ARBORESCENCE-DU-SITE-CENTERSPAS-22.png","name":"ARBORESCENCE-DU-SITE-CENTERSPAS-22.png","meta":{"brizy_attachment_uid":"wp-d5c650f5693bcdad6b65e044a7ed81db.png","brizy_post_uid":["83e1eb2617452ed61968264cbccc7ba6"]}},{"id":565,"url":"https:\/\/www.centerspas.com\/wp-content\/uploads\/2024\/07\/ARBORESCENCE-DU-SITE-CENTERSPAS-47.png","name":"ARBORESCENCE-DU-SITE-CENTERSPAS-47.png","meta":{"brizy_attachment_uid":"wp-12e665fce0f2f658fb62267702a49947.png","brizy_post_uid":["57988d15db2545275c537d08254e4bb9","83e1eb2617452ed61968264cbccc7ba6"]}},{"id":20033,"url":"https:\/\/www.centerspas.com\/wp-content\/uploads\/2024\/11\/Design-sans-titre-1.png","name":"Design-sans-titre-1.png","meta":{"brizy_attachment_uid":"wp-52fabc0bfab63708bda8de561bf6bf42.png","brizy_post_uid":["470732cd7a0632cde2bd936dbba0578e","83e1eb2617452ed61968264cbccc7ba6","57988d15db2545275c537d08254e4bb9","eccfb0224997daac1329eb63c02a5270"]}},{"id":20595,"url":"https:\/\/www.centerspas.com\/wp-content\/uploads\/2024\/11\/Copie-de-En-tete-1920-x-1080-px-1.png","name":"Copie-de-En-tete-1920-x-1080-px-1.png","meta":{"brizy_attachment_uid":"wp-2875aefacd034cdb6a63165c4d17366e.png","brizy_post_uid":["83e1eb2617452ed61968264cbccc7ba6"]}},{"id":16633,"url":"https:\/\/www.centerspas.com\/wp-content\/uploads\/2024\/10\/CATALOGUE-SPA-CENTERSPAS-1.png","name":"CATALOGUE-SPA-CENTERSPAS-1.png","meta":{"brizy_attachment_uid":"wp-50992da960d0cc342b3fc33a74182b98.png","brizy_post_uid":["83e1eb2617452ed61968264cbccc7ba6","eccfb0224997daac1329eb63c02a5270"]}},{"id":21887,"url":"https:\/\/www.centerspas.com\/wp-content\/uploads\/2024\/11\/Sans-titre-851-x-851-px.png","name":"Sans-titre-851-x-851-px.png","meta":{"brizy_attachment_uid":"wp-f45d894d4da6f1ee463b379f7fcb3c55.png","brizy_post_uid":["eccfb0224997daac1329eb63c02a5270","83e1eb2617452ed61968264cbccc7ba6","4ded29d66dbf12544517333b915b91de"]}}],"_links":{"self":[{"href":"https:\/\/www.centerspas.com\/index.php\/wp-json\/wp\/v2\/pages\/20285","targetHints":{"allow":["GET"]}}],"collection":[{"href":"https:\/\/www.centerspas.com\/index.php\/wp-json\/wp\/v2\/pages"}],"about":[{"href":"https:\/\/www.centerspas.com\/index.php\/wp-json\/wp\/v2\/types\/page"}],"author":[{"embeddable":true,"href":"https:\/\/www.centerspas.com\/index.php\/wp-json\/wp\/v2\/users\/2"}],"replies":[{"embeddable":true,"href":"https:\/\/www.centerspas.com\/index.php\/wp-json\/wp\/v2\/comments?post=20285"}],"version-history":[{"count":26,"href":"https:\/\/www.centerspas.com\/index.php\/wp-json\/wp\/v2\/pages\/20285\/revisions"}],"predecessor-version":[{"id":26874,"href":"https:\/\/www.centerspas.com\/index.php\/wp-json\/wp\/v2\/pages\/20285\/revisions\/26874"}],"up":[{"embeddable":true,"href":"https:\/\/www.centerspas.com\/index.php\/wp-json\/wp\/v2\/pages\/18920"}],"wp:featuredmedia":[{"embeddable":true,"href":"https:\/\/www.centerspas.com\/index.php\/wp-json\/wp\/v2\/media\/20033"}],"wp:attachment":[{"href":"https:\/\/www.centerspas.com\/index.php\/wp-json\/wp\/v2\/media?parent=20285"}],"curies":[{"name":"wp","href":"https:\/\/api.w.org\/{rel}","templated":true}]}}