{"id":15153,"date":"2024-10-03T10:52:22","date_gmt":"2024-10-03T08:52:22","guid":{"rendered":"https:\/\/www.centerspas.com\/?post_type=product&#038;p=15153"},"modified":"2024-10-29T16:24:29","modified_gmt":"2024-10-29T15:24:29","slug":"parfum-pour-spa-midnight-moon","status":"publish","type":"product","link":"https:\/\/www.centerspas.com\/index.php\/produit\/parfum-pour-spa-midnight-moon\/","title":{"rendered":"Parfum pour spa Midnight Moon"},"content":{"rendered":"<p>En plus du bien-\u00eatre que procure l&rsquo;Hydroth\u00e9rapie, profitez des bienfais de l&rsquo;Aromath\u00e9rapie au travers des parfums HTH Spa.<\/p>\n<p>L&rsquo;Aromath\u00e9rapie, le soin par les ar\u00f4mes, vous permettra de vous apaiser, vous relaxer et vous revitaliser. Ces parfums ont \u00e9t\u00e9 sp\u00e9cialement \u00e9tudi\u00e9s pour le spa et ne modifient pas le pH de l&rsquo;eau. Ils sont 100% fran\u00e7ais et fabriqu\u00e9s \u00e0 base d&rsquo;ingr\u00e9dients d&rsquo;origine naturelle.<\/p>\n<p>Pour parfumer l&rsquo;eau pendant un moment de d\u00e9tente Gourmand dans le spa. Le parfum pour spa Midnigh Moon se verse directement dans l&rsquo;eau du spa.<\/p>\n","protected":false},"excerpt":{"rendered":"<p>En plus du bien-\u00eatre que procure l&rsquo;Hydroth\u00e9rapie, profitez des bienfais de l&rsquo;Aromath\u00e9rapie au travers des parfums HTH Spa. L&rsquo;Aromath\u00e9rapie, le soin par les ar\u00f4mes, vous permettra de vous apaiser, vous relaxer et vous revitaliser. Ces parfums ont \u00e9t\u00e9 sp\u00e9cialement \u00e9tudi\u00e9s pour le spa et ne modifient pas le pH de l&rsquo;eau. Ils sont 100% fran\u00e7ais&#8230;<\/p>\n","protected":false},"featured_media":15156,"comment_status":"open","ping_status":"closed","template":"","meta":{"_seopress_robots_primary_cat":"none","_seopress_titles_title":"Parfum Midnight Moon pour spa - CenterSpas","_seopress_titles_desc":"D\u00e9couvrez un parfum pour spa captivant senteur midnight moon. Alli\u00e9s aux bienfaits de l'hydroth\u00e9rapie de votre spa, les ar\u00f4mes midnight  vous d\u00e9tendent.","_seopress_robots_index":""},"product_brand":[],"product_cat":[32],"product_tag":[],"class_list":{"0":"post-15153","1":"product","2":"type-product","3":"status-publish","4":"has-post-thumbnail","6":"product_cat-aromes","8":"first","9":"instock","10":"taxable","11":"shipping-taxable","12":"purchasable","13":"product-type-simple"},"_links":{"self":[{"href":"https:\/\/www.centerspas.com\/index.php\/wp-json\/wp\/v2\/product\/15153","targetHints":{"allow":["GET"]}}],"collection":[{"href":"https:\/\/www.centerspas.com\/index.php\/wp-json\/wp\/v2\/product"}],"about":[{"href":"https:\/\/www.centerspas.com\/index.php\/wp-json\/wp\/v2\/types\/product"}],"replies":[{"embeddable":true,"href":"https:\/\/www.centerspas.com\/index.php\/wp-json\/wp\/v2\/comments?post=15153"}],"wp:featuredmedia":[{"embeddable":true,"href":"https:\/\/www.centerspas.com\/index.php\/wp-json\/wp\/v2\/media\/15156"}],"wp:attachment":[{"href":"https:\/\/www.centerspas.com\/index.php\/wp-json\/wp\/v2\/media?parent=15153"}],"wp:term":[{"taxonomy":"product_brand","embeddable":true,"href":"https:\/\/www.centerspas.com\/index.php\/wp-json\/wp\/v2\/product_brand?post=15153"},{"taxonomy":"product_cat","embeddable":true,"href":"https:\/\/www.centerspas.com\/index.php\/wp-json\/wp\/v2\/product_cat?post=15153"},{"taxonomy":"product_tag","embeddable":true,"href":"https:\/\/www.centerspas.com\/index.php\/wp-json\/wp\/v2\/product_tag?post=15153"}],"curies":[{"name":"wp","href":"https:\/\/api.w.org\/{rel}","templated":true}]}}