{"id":15195,"date":"2024-10-03T11:56:27","date_gmt":"2024-10-03T09:56:27","guid":{"rendered":"https:\/\/www.centerspas.com\/?post_type=product&#038;p=15195"},"modified":"2024-10-29T16:53:58","modified_gmt":"2024-10-29T15:53:58","slug":"nettoyant-spa","status":"publish","type":"product","link":"https:\/\/www.centerspas.com\/index.php\/produit\/nettoyant-spa\/","title":{"rendered":"Nettoyant Spa"},"content":{"rendered":"<p>Nettoie et d\u00e9tartre le spa<\/p>\n<p>Garder votre installaton propre.<\/p>\n<p>Comme une baignoire, des d\u00e9p\u00f4t graisseux et des impuret\u00e9s peuvent s&rsquo;accumuler au niveau de la ligne de flottaison. Ceci est non seulement peu esth\u00e9tique mais peut \u00e9galement repr\u00e9senter un milieu propice \u00e0 la prolif\u00e9ration des bact\u00e9ries.<\/p>\n<p>Il est conseill\u00e9 d&rsquo;\u00e9liminer r\u00e9guli\u00e8rement ces d\u00e9p\u00f4ts \u00e0 l&rsquo;aide du produit.<\/p>\n<p><strong>Caract\u00e9ristiques :\u00a0<\/strong><\/p>\n<ul>\n<li>Tr\u00e8s forte teneur en mati\u00e8res actives<\/li>\n<li>Excellent pouvoir d\u00e9tergent<\/li>\n<li>Parfum au pin<\/li>\n<li>Nettoie et lustre l&rsquo;aliminium, les chromes, l&rsquo;inox et l&rsquo;\u00e9mail en application rapide suivie d&rsquo;un rin\u00e7age imm\u00e9diat<\/li>\n<\/ul>\n<p><strong>Dosage :\u00a0<\/strong><\/p>\n<ul>\n<li>Utilisation pour les spas rigides uniquement<\/li>\n<li>Diluer 1L pour 10L d&rsquo;eau ou pur suivant le d\u00e9p\u00f4t<\/li>\n<\/ul>\n<p><strong>Produit recommand\u00e9 au moment de la vidange du spa pour un nettoyage optimal de la cuve\u00a0<\/strong><\/p>\n","protected":false},"excerpt":{"rendered":"<p>Nettoie et d\u00e9tartre le spa Garder votre installaton propre. Comme une baignoire, des d\u00e9p\u00f4t graisseux et des impuret\u00e9s peuvent s&rsquo;accumuler au niveau de la ligne de flottaison. Ceci est non seulement peu esth\u00e9tique mais peut \u00e9galement repr\u00e9senter un milieu propice \u00e0 la prolif\u00e9ration des bact\u00e9ries. Il est conseill\u00e9 d&rsquo;\u00e9liminer r\u00e9guli\u00e8rement ces d\u00e9p\u00f4ts \u00e0 l&rsquo;aide du&#8230;<\/p>\n","protected":false},"featured_media":15198,"comment_status":"open","ping_status":"closed","template":"","meta":{"_seopress_robots_primary_cat":"none","_seopress_titles_title":"Produt Nettoyant Spa et Tuyauterie - CenterSpas","_seopress_titles_desc":"D\u00e9couvrez le nettoyant spa et tuyauterie hthSpas qui \u00e9limine d\u00e9p\u00f4ts graisseux et impuret\u00e9s qui peuvent s'accumuler au niveau de la ligne de flottaison.","_seopress_robots_index":""},"product_brand":[],"product_cat":[36],"product_tag":[],"class_list":{"0":"post-15195","1":"product","2":"type-product","3":"status-publish","4":"has-post-thumbnail","6":"product_cat-nettoyages","8":"first","9":"outofstock","10":"taxable","11":"shipping-taxable","12":"purchasable","13":"product-type-simple"},"_links":{"self":[{"href":"https:\/\/www.centerspas.com\/index.php\/wp-json\/wp\/v2\/product\/15195","targetHints":{"allow":["GET"]}}],"collection":[{"href":"https:\/\/www.centerspas.com\/index.php\/wp-json\/wp\/v2\/product"}],"about":[{"href":"https:\/\/www.centerspas.com\/index.php\/wp-json\/wp\/v2\/types\/product"}],"replies":[{"embeddable":true,"href":"https:\/\/www.centerspas.com\/index.php\/wp-json\/wp\/v2\/comments?post=15195"}],"wp:featuredmedia":[{"embeddable":true,"href":"https:\/\/www.centerspas.com\/index.php\/wp-json\/wp\/v2\/media\/15198"}],"wp:attachment":[{"href":"https:\/\/www.centerspas.com\/index.php\/wp-json\/wp\/v2\/media?parent=15195"}],"wp:term":[{"taxonomy":"product_brand","embeddable":true,"href":"https:\/\/www.centerspas.com\/index.php\/wp-json\/wp\/v2\/product_brand?post=15195"},{"taxonomy":"product_cat","embeddable":true,"href":"https:\/\/www.centerspas.com\/index.php\/wp-json\/wp\/v2\/product_cat?post=15195"},{"taxonomy":"product_tag","embeddable":true,"href":"https:\/\/www.centerspas.com\/index.php\/wp-json\/wp\/v2\/product_tag?post=15195"}],"curies":[{"name":"wp","href":"https:\/\/api.w.org\/{rel}","templated":true}]}}