{"id":15213,"date":"2024-10-03T15:21:21","date_gmt":"2024-10-03T13:21:21","guid":{"rendered":"https:\/\/www.centerspas.com\/?post_type=product&#038;p=15213"},"modified":"2024-10-29T16:39:08","modified_gmt":"2024-10-29T15:39:08","slug":"nettoyant-filtre","status":"publish","type":"product","link":"https:\/\/www.centerspas.com\/index.php\/produit\/nettoyant-filtre\/","title":{"rendered":"Nettoyant Filtre"},"content":{"rendered":"<p>Nettoie et d\u00e9tartre le filtre \u00e0 cartouche ou \u00e0 sable<\/p>\n<p><strong>Caract\u00e9ristique :<\/strong><\/p>\n<ul>\n<li>Tr\u00e8s forte en mati\u00e8re actives<\/li>\n<li>Tr\u00e8s efficace contre les d\u00e9p\u00f4ts calcaires<\/li>\n<li>Excellent pouvoir d\u00e9tergent<\/li>\n<li>Facile d&#8217;emploi gr\u00e2ce \u00e0 sa coloration violette<\/li>\n<\/ul>\n<p><strong>Dosage :\u00a0<\/strong><\/p>\n<ul>\n<li>1L pour 10 L d&rsquo;eau (pour filtre \u00e0 cartouche)<\/li>\n<li>Laisser agir minimum 2 heures, puis brosser et rincer le filtre \u00e0 cartouche \u00e0 l&rsquo;eau courante<\/li>\n<\/ul>\n<p>Le filtre est compos\u00e9 de deux \u00e9l\u00e9ments :<br \/>\nLa pompe garantit la circulation de l&rsquo;eau \u00e0 travers l&rsquo;ensemble du syst\u00e8me.<br \/>\nLe filtre \u00e9limine les petites particules qui pourraient troubler l&rsquo;eau. IL EST IMPORTANT DE SUIVRE LES INSTRUCTIONS DU FABRICANT en ce qui concerne le temps de fonctionnement de la pompe.<\/p>\n","protected":false},"excerpt":{"rendered":"<p>Nettoie et d\u00e9tartre le filtre \u00e0 cartouche ou \u00e0 sable Caract\u00e9ristique : Tr\u00e8s forte en mati\u00e8re actives Tr\u00e8s efficace contre les d\u00e9p\u00f4ts calcaires Excellent pouvoir d\u00e9tergent Facile d&#8217;emploi gr\u00e2ce \u00e0 sa coloration violette Dosage :\u00a0 1L pour 10 L d&rsquo;eau (pour filtre \u00e0 cartouche) Laisser agir minimum 2 heures, puis brosser et rincer le filtre&#8230;<\/p>\n","protected":false},"featured_media":15216,"comment_status":"open","ping_status":"closed","template":"","meta":{"_seopress_robots_primary_cat":"none","_seopress_titles_title":"Nettoyant Filtre - CenterSpas","_seopress_titles_desc":"Le filtre est compos\u00e9 de deux \u00e9l\u00e9ments : \r\nLa pompe garantit la circulation de l'eau \u00e0 travers l'ensemble du syst\u00e8me. \r\nLe filtre \u00e9limine les petites particules qui pourraient troubler l'eau. IL EST IMPORTANT DE SUIVRE LES INSTRUCTIONS DU FABRICANT en ce qui concerne le temps de fonctionnement de la pompe.","_seopress_robots_index":""},"product_brand":[],"product_cat":[36],"product_tag":[],"class_list":{"0":"post-15213","1":"product","2":"type-product","3":"status-publish","4":"has-post-thumbnail","6":"product_cat-nettoyages","8":"first","9":"instock","10":"taxable","11":"shipping-taxable","12":"purchasable","13":"product-type-simple"},"_links":{"self":[{"href":"https:\/\/www.centerspas.com\/index.php\/wp-json\/wp\/v2\/product\/15213","targetHints":{"allow":["GET"]}}],"collection":[{"href":"https:\/\/www.centerspas.com\/index.php\/wp-json\/wp\/v2\/product"}],"about":[{"href":"https:\/\/www.centerspas.com\/index.php\/wp-json\/wp\/v2\/types\/product"}],"replies":[{"embeddable":true,"href":"https:\/\/www.centerspas.com\/index.php\/wp-json\/wp\/v2\/comments?post=15213"}],"wp:featuredmedia":[{"embeddable":true,"href":"https:\/\/www.centerspas.com\/index.php\/wp-json\/wp\/v2\/media\/15216"}],"wp:attachment":[{"href":"https:\/\/www.centerspas.com\/index.php\/wp-json\/wp\/v2\/media?parent=15213"}],"wp:term":[{"taxonomy":"product_brand","embeddable":true,"href":"https:\/\/www.centerspas.com\/index.php\/wp-json\/wp\/v2\/product_brand?post=15213"},{"taxonomy":"product_cat","embeddable":true,"href":"https:\/\/www.centerspas.com\/index.php\/wp-json\/wp\/v2\/product_cat?post=15213"},{"taxonomy":"product_tag","embeddable":true,"href":"https:\/\/www.centerspas.com\/index.php\/wp-json\/wp\/v2\/product_tag?post=15213"}],"curies":[{"name":"wp","href":"https:\/\/api.w.org\/{rel}","templated":true}]}}