{"id":15220,"date":"2024-10-03T15:47:24","date_gmt":"2024-10-03T13:47:24","guid":{"rendered":"https:\/\/www.centerspas.com\/?post_type=product&#038;p=15220"},"modified":"2025-10-03T14:18:18","modified_gmt":"2025-10-03T12:18:18","slug":"anti-calcaire-spa","status":"publish","type":"product","link":"https:\/\/www.centerspas.com\/index.php\/produit\/anti-calcaire-spa\/","title":{"rendered":"Anti-Calcaire spa"},"content":{"rendered":"<p>Pr\u00e9viens les d\u00e9p\u00f4ts calcaires dans le spa et les canalisations.<\/p>\n<p>&nbsp;<\/p>\n<p>Bouteille de 1L<\/p>\n<p><strong>Caract\u00e9ristiques<\/strong><\/p>\n<ul>\n<li>Compatible avec tout \u00e9quipement de filtration<\/li>\n<li>Compatible, \u00e0 l&rsquo;\u00e9tat dilu\u00e9, avec les d\u00e9sinfectants et auxiliaires de traitement employ\u00e9s en spa<\/li>\n<li>Non moussant aux dosages recommand\u00e9s en spa<\/li>\n<li>R\u00e9duit l&rsquo;entartrage des parois, donc facilite le nettoyage des bassins<\/li>\n<li>Ne modifie pas le pH de l&rsquo;eau<\/li>\n<\/ul>\n<p><strong>Dosage :\u00a0<\/strong><\/p>\n<ul>\n<li>Traitement pr\u00e9ventif (lors du remplissage du spa et d&rsquo;apport d&rsquo;eau neuve) : 3 bouchons par m\u00b3 d&rsquo;eau<\/li>\n<\/ul>\n","protected":false},"excerpt":{"rendered":"<p>Pr\u00e9viens les d\u00e9p\u00f4ts calcaires dans le spa et les canalisations. &nbsp; Bouteille de 1L Caract\u00e9ristiques Compatible avec tout \u00e9quipement de filtration Compatible, \u00e0 l&rsquo;\u00e9tat dilu\u00e9, avec les d\u00e9sinfectants et auxiliaires de traitement employ\u00e9s en spa Non moussant aux dosages recommand\u00e9s en spa R\u00e9duit l&rsquo;entartrage des parois, donc facilite le nettoyage des bassins Ne modifie pas&#8230;<\/p>\n","protected":false},"featured_media":15223,"comment_status":"open","ping_status":"closed","template":"","meta":{"_seopress_robots_primary_cat":"none","_seopress_titles_title":"Anti-Calcaire pour spa - CenterSpas","_seopress_titles_desc":"D\u00e9couvrez notre anti-calcaire spa qui pr\u00e9vient les d\u00e9p\u00f4ts de calcaires dans le spa et les caalisations et permet d'avoir une eau plus saine","_seopress_robots_index":""},"product_brand":[],"product_cat":[36],"product_tag":[],"class_list":{"0":"post-15220","1":"product","2":"type-product","3":"status-publish","4":"has-post-thumbnail","6":"product_cat-nettoyages","8":"first","9":"onbackorder","10":"taxable","11":"shipping-taxable","12":"purchasable","13":"product-type-simple"},"_links":{"self":[{"href":"https:\/\/www.centerspas.com\/index.php\/wp-json\/wp\/v2\/product\/15220","targetHints":{"allow":["GET"]}}],"collection":[{"href":"https:\/\/www.centerspas.com\/index.php\/wp-json\/wp\/v2\/product"}],"about":[{"href":"https:\/\/www.centerspas.com\/index.php\/wp-json\/wp\/v2\/types\/product"}],"replies":[{"embeddable":true,"href":"https:\/\/www.centerspas.com\/index.php\/wp-json\/wp\/v2\/comments?post=15220"}],"wp:featuredmedia":[{"embeddable":true,"href":"https:\/\/www.centerspas.com\/index.php\/wp-json\/wp\/v2\/media\/15223"}],"wp:attachment":[{"href":"https:\/\/www.centerspas.com\/index.php\/wp-json\/wp\/v2\/media?parent=15220"}],"wp:term":[{"taxonomy":"product_brand","embeddable":true,"href":"https:\/\/www.centerspas.com\/index.php\/wp-json\/wp\/v2\/product_brand?post=15220"},{"taxonomy":"product_cat","embeddable":true,"href":"https:\/\/www.centerspas.com\/index.php\/wp-json\/wp\/v2\/product_cat?post=15220"},{"taxonomy":"product_tag","embeddable":true,"href":"https:\/\/www.centerspas.com\/index.php\/wp-json\/wp\/v2\/product_tag?post=15220"}],"curies":[{"name":"wp","href":"https:\/\/api.w.org\/{rel}","templated":true}]}}