{"id":15252,"date":"2024-10-04T10:52:55","date_gmt":"2024-10-04T08:52:55","guid":{"rendered":"https:\/\/www.centerspas.com\/?post_type=product&#038;p=15252"},"modified":"2024-10-29T17:36:30","modified_gmt":"2024-10-29T16:36:30","slug":"chlore-stabilise-pour-spa","status":"publish","type":"product","link":"https:\/\/www.centerspas.com\/index.php\/produit\/chlore-stabilise-pour-spa\/","title":{"rendered":"Chlore stabilis\u00e9 pour spa"},"content":{"rendered":"<p>Pastilles effervescentes de chlore stabilis\u00e9 pour spa qui d\u00e9sinfectent l&rsquo;eau, \u00e0 placer directement dans le spa<\/p>\n<p>&nbsp;<\/p>\n<p>Pot de 1KG<\/p>\n<p><strong>Caract\u00e9ristiques :\u00a0<\/strong><\/p>\n<ul>\n<li>Pastilles 20g<\/li>\n<li>Chloration permanente pour la destruction des basct\u00e9ries, virus, champignons et algues dans l&rsquo;eau des spas<\/li>\n<li>Biocide \u00e0 tr\u00e8s haute efficacit\u00e9<\/li>\n<li>Dissolution effervescent tr\u00e8s rapide (moins de 5mn); sans r\u00e9sidu<\/li>\n<li>A placer directement dans le spa avant baignade<\/li>\n<\/ul>\n<p><strong>Dosage :\u00a0<\/strong><\/p>\n<ul>\n<li>1 Pastille de 20g pour 2 m\u00b3 d&rsquo;eau tous les 7 jours<\/li>\n<\/ul>\n","protected":false},"excerpt":{"rendered":"<p>Pastilles effervescentes de chlore stabilis\u00e9 pour spa qui d\u00e9sinfectent l&rsquo;eau, \u00e0 placer directement dans le spa &nbsp; Pot de 1KG Caract\u00e9ristiques :\u00a0 Pastilles 20g Chloration permanente pour la destruction des basct\u00e9ries, virus, champignons et algues dans l&rsquo;eau des spas Biocide \u00e0 tr\u00e8s haute efficacit\u00e9 Dissolution effervescent tr\u00e8s rapide (moins de 5mn); sans r\u00e9sidu A placer&#8230;<\/p>\n","protected":false},"featured_media":15255,"comment_status":"open","ping_status":"closed","template":"","meta":{"_seopress_robots_primary_cat":"none","_seopress_titles_title":"Chlore stabilis\u00e9 pour spa, pastille effervescente - CenterSpas","_seopress_titles_desc":"D\u00e9couvrez nos pastilles de chlore stabilis\u00e9 pour spa de la marque hthSpa qui d\u00e9sinfectent et traitent votre eau pour une eau saine et claire.","_seopress_robots_index":""},"product_brand":[],"product_cat":[34],"product_tag":[],"class_list":{"0":"post-15252","1":"product","2":"type-product","3":"status-publish","4":"has-post-thumbnail","6":"product_cat-traitements","8":"first","9":"instock","10":"taxable","11":"shipping-taxable","12":"purchasable","13":"product-type-simple"},"_links":{"self":[{"href":"https:\/\/www.centerspas.com\/index.php\/wp-json\/wp\/v2\/product\/15252","targetHints":{"allow":["GET"]}}],"collection":[{"href":"https:\/\/www.centerspas.com\/index.php\/wp-json\/wp\/v2\/product"}],"about":[{"href":"https:\/\/www.centerspas.com\/index.php\/wp-json\/wp\/v2\/types\/product"}],"replies":[{"embeddable":true,"href":"https:\/\/www.centerspas.com\/index.php\/wp-json\/wp\/v2\/comments?post=15252"}],"wp:featuredmedia":[{"embeddable":true,"href":"https:\/\/www.centerspas.com\/index.php\/wp-json\/wp\/v2\/media\/15255"}],"wp:attachment":[{"href":"https:\/\/www.centerspas.com\/index.php\/wp-json\/wp\/v2\/media?parent=15252"}],"wp:term":[{"taxonomy":"product_brand","embeddable":true,"href":"https:\/\/www.centerspas.com\/index.php\/wp-json\/wp\/v2\/product_brand?post=15252"},{"taxonomy":"product_cat","embeddable":true,"href":"https:\/\/www.centerspas.com\/index.php\/wp-json\/wp\/v2\/product_cat?post=15252"},{"taxonomy":"product_tag","embeddable":true,"href":"https:\/\/www.centerspas.com\/index.php\/wp-json\/wp\/v2\/product_tag?post=15252"}],"curies":[{"name":"wp","href":"https:\/\/api.w.org\/{rel}","templated":true}]}}