{"id":15256,"date":"2024-10-04T11:07:03","date_gmt":"2024-10-04T09:07:03","guid":{"rendered":"https:\/\/www.centerspas.com\/?post_type=product&#038;p=15256"},"modified":"2024-10-29T17:28:27","modified_gmt":"2024-10-29T16:28:27","slug":"pastilles-de-brome-pour-spa","status":"publish","type":"product","link":"https:\/\/www.centerspas.com\/index.php\/produit\/pastilles-de-brome-pour-spa\/","title":{"rendered":"Pastilles de brome pour spa"},"content":{"rendered":"<p>Pastilles brome spa qui d\u00e9sinfectent et traitent votre eau, \u00e0 utiliser r\u00e9guli\u00e8rement pour une eau saine.<\/p>\n<p>&nbsp;<\/p>\n<p>Pot de 1KG<\/p>\n<p><strong>Caract\u00e9ristiques :<\/strong><\/p>\n<p>L&rsquo;utilisation du brome est particuli\u00e8rement reccommand\u00e9e dans les spas et les eaux chauff\u00e9es de plus de 27\u00b0C. Il reste d\u00e9sinfectant m\u00eame \u00e0 pH \u00e9lev\u00e9. D u produit originel (bromure de sodium), le brome tire son action d\u00e9sinfectante mais aussi ses propri\u00e9t\u00e9s non agressive. N&rsquo;a pas d&rsquo;odeur, ne pique pas les yeux, ni la peau et ne d\u00e9colore pas les cheveux.<\/p>\n<ul>\n<li>Pastilles de brome de 20g \u00e0 dissolution lente, sans r\u00e9sidu<\/li>\n<li>Teneur en principe actif (BCDMH) sup\u00e9rieur \u00e0 96%<\/li>\n<li>Excellente activit\u00e9 d\u00e9sinfectante, quel que soit le pH de l&rsquo;eau trait\u00e9e (98% \u00e0 pH 7,0 et encore 75% 0 Ph 8,2)<\/li>\n<\/ul>\n<p><strong>Dosage :\u00a0<\/strong><\/p>\n<ul>\n<li>A la mise en route : 2 pastilles par m\u00b3 d&rsquo;eau<\/li>\n<li>Entretien : 1 \u00e0 2 pastilles par m\u00b3 d&rsquo;eau tous les 7 \u00e0 10 jours, maintenir une teneur en brome au minimum \u00e9gale \u00e0 5 mg\/L<\/li>\n<\/ul>\n","protected":false},"excerpt":{"rendered":"<p>Pastilles brome spa qui d\u00e9sinfectent et traitent votre eau, \u00e0 utiliser r\u00e9guli\u00e8rement pour une eau saine. &nbsp; Pot de 1KG Caract\u00e9ristiques : L&rsquo;utilisation du brome est particuli\u00e8rement reccommand\u00e9e dans les spas et les eaux chauff\u00e9es de plus de 27\u00b0C. Il reste d\u00e9sinfectant m\u00eame \u00e0 pH \u00e9lev\u00e9. D u produit originel (bromure de sodium), le brome&#8230;<\/p>\n","protected":false},"featured_media":15259,"comment_status":"open","ping_status":"closed","template":"","meta":{"_seopress_robots_primary_cat":"none","_seopress_titles_title":"Pastilles de brome pour spa - CenterSpas","_seopress_titles_desc":"D\u00e9couvrez nos pastilles de brome pour spa de la marqe hthSpa qui d\u00e9sinfectent et traitent votre eau pour une eau saine et claire.","_seopress_robots_index":""},"product_brand":[],"product_cat":[34],"product_tag":[],"class_list":{"0":"post-15256","1":"product","2":"type-product","3":"status-publish","4":"has-post-thumbnail","6":"product_cat-traitements","8":"first","9":"instock","10":"taxable","11":"shipping-taxable","12":"purchasable","13":"product-type-simple"},"_links":{"self":[{"href":"https:\/\/www.centerspas.com\/index.php\/wp-json\/wp\/v2\/product\/15256","targetHints":{"allow":["GET"]}}],"collection":[{"href":"https:\/\/www.centerspas.com\/index.php\/wp-json\/wp\/v2\/product"}],"about":[{"href":"https:\/\/www.centerspas.com\/index.php\/wp-json\/wp\/v2\/types\/product"}],"replies":[{"embeddable":true,"href":"https:\/\/www.centerspas.com\/index.php\/wp-json\/wp\/v2\/comments?post=15256"}],"wp:featuredmedia":[{"embeddable":true,"href":"https:\/\/www.centerspas.com\/index.php\/wp-json\/wp\/v2\/media\/15259"}],"wp:attachment":[{"href":"https:\/\/www.centerspas.com\/index.php\/wp-json\/wp\/v2\/media?parent=15256"}],"wp:term":[{"taxonomy":"product_brand","embeddable":true,"href":"https:\/\/www.centerspas.com\/index.php\/wp-json\/wp\/v2\/product_brand?post=15256"},{"taxonomy":"product_cat","embeddable":true,"href":"https:\/\/www.centerspas.com\/index.php\/wp-json\/wp\/v2\/product_cat?post=15256"},{"taxonomy":"product_tag","embeddable":true,"href":"https:\/\/www.centerspas.com\/index.php\/wp-json\/wp\/v2\/product_tag?post=15256"}],"curies":[{"name":"wp","href":"https:\/\/api.w.org\/{rel}","templated":true}]}}