{"id":15268,"date":"2024-10-04T11:28:35","date_gmt":"2024-10-04T09:28:35","guid":{"rendered":"https:\/\/www.centerspas.com\/?post_type=product&#038;p=15268"},"modified":"2024-10-29T17:10:44","modified_gmt":"2024-10-29T16:10:44","slug":"alkanal-spa","status":"publish","type":"product","link":"https:\/\/www.centerspas.com\/index.php\/produit\/alkanal-spa\/","title":{"rendered":"Alkanal spa"},"content":{"rendered":"<p>L\u2019\u00e9quilibre de l\u2019eau passe avant tout par un bon r\u00e9glage du pH. Le pH reste trop souvent n\u00e9glig\u00e9 dans le cadre du traitement des eaux de spa, alors qu\u2019il est essentiel pour \u00e9viter simplement de nombreux d\u00e9sagr\u00e9ments comme l\u2019irritation des yeux ou de la peau. Il facilitera \u00e9galement l\u2019action du d\u00e9sinfectant.<\/p>\n<p>&nbsp;<\/p>\n<p>Pot de 1.2 KG<\/p>\n<p>Permet de corriger l&rsquo;alcalinit\u00e9 de l&rsquo;eau pour une meilleure stabilit\u00e9 du pH<br \/>\n<strong>Caract\u00e9ristiques :<\/strong><br \/>\n\u2022 Poudre \u00e0 dissolution rapide sans r\u00e9sidu<br \/>\n\u2022 Tr\u00e8s forte teneur en mati\u00e8re active<br \/>\n\u2022 Compatible avec tout \u00e9quipement de filtration<br \/>\n\u2022 Compatible \u00e0 l&rsquo;\u00e9tat dissout, avec les d\u00e9sinfectants et auxiliaires de traitement employ\u00e9s en spa<br \/>\n\u2022 Non moussant aux dosages recommand\u00e9s en spa<br \/>\n\u2022 Conservation prolong\u00e9e sous r\u00e9serve de stockage \u00e0 l&rsquo;abri de l&rsquo;humidit\u00e9 et \u00e0 une temp\u00e9rature inf\u00e9rieure \u00e0 40\u00b0C<\/p>\n<p><strong>Dosage :\u00a0<\/strong><\/p>\n<p>Pour diminuer ou augmenter de 0,2 unit\u00e9s le pH : 15 g de produit par m\u00b3 d&rsquo;eau<\/p>\n","protected":false},"excerpt":{"rendered":"<p>L\u2019\u00e9quilibre de l\u2019eau passe avant tout par un bon r\u00e9glage du pH. Le pH reste trop souvent n\u00e9glig\u00e9 dans le cadre du traitement des eaux de spa, alors qu\u2019il est essentiel pour \u00e9viter simplement de nombreux d\u00e9sagr\u00e9ments comme l\u2019irritation des yeux ou de la peau. Il facilitera \u00e9galement l\u2019action du d\u00e9sinfectant. &nbsp; Pot de 1.2&#8230;<\/p>\n","protected":false},"featured_media":15271,"comment_status":"open","ping_status":"closed","template":"","meta":{"_seopress_robots_primary_cat":"none","_seopress_titles_title":"Stabilisateur de pH pour spa - CenterSpas","_seopress_titles_desc":"D\u00e9couvrez notre stabilisateur de pH hthSpa qui \u00e9quilibre eau, essentiel pour \u00e9viter de nombreux d\u00e9sagr\u00e9ments comme l\u2019irritation des yeux ou de la peau.","_seopress_robots_index":""},"product_brand":[],"product_cat":[34],"product_tag":[],"class_list":{"0":"post-15268","1":"product","2":"type-product","3":"status-publish","4":"has-post-thumbnail","6":"product_cat-traitements","8":"first","9":"instock","10":"taxable","11":"shipping-taxable","12":"purchasable","13":"product-type-simple"},"_links":{"self":[{"href":"https:\/\/www.centerspas.com\/index.php\/wp-json\/wp\/v2\/product\/15268","targetHints":{"allow":["GET"]}}],"collection":[{"href":"https:\/\/www.centerspas.com\/index.php\/wp-json\/wp\/v2\/product"}],"about":[{"href":"https:\/\/www.centerspas.com\/index.php\/wp-json\/wp\/v2\/types\/product"}],"replies":[{"embeddable":true,"href":"https:\/\/www.centerspas.com\/index.php\/wp-json\/wp\/v2\/comments?post=15268"}],"wp:featuredmedia":[{"embeddable":true,"href":"https:\/\/www.centerspas.com\/index.php\/wp-json\/wp\/v2\/media\/15271"}],"wp:attachment":[{"href":"https:\/\/www.centerspas.com\/index.php\/wp-json\/wp\/v2\/media?parent=15268"}],"wp:term":[{"taxonomy":"product_brand","embeddable":true,"href":"https:\/\/www.centerspas.com\/index.php\/wp-json\/wp\/v2\/product_brand?post=15268"},{"taxonomy":"product_cat","embeddable":true,"href":"https:\/\/www.centerspas.com\/index.php\/wp-json\/wp\/v2\/product_cat?post=15268"},{"taxonomy":"product_tag","embeddable":true,"href":"https:\/\/www.centerspas.com\/index.php\/wp-json\/wp\/v2\/product_tag?post=15268"}],"curies":[{"name":"wp","href":"https:\/\/api.w.org\/{rel}","templated":true}]}}