{"id":15272,"date":"2024-10-04T11:39:31","date_gmt":"2024-10-04T09:39:31","guid":{"rendered":"https:\/\/www.centerspas.com\/?post_type=product&#038;p=15272"},"modified":"2026-03-10T16:49:16","modified_gmt":"2026-03-10T15:49:16","slug":"oxygene-actif","status":"publish","type":"product","link":"https:\/\/www.centerspas.com\/index.php\/produit\/oxygene-actif\/","title":{"rendered":"Oxygene Actif"},"content":{"rendered":"<p>D\u00e9sinfectant \u00e0 dissolution rapide \u00e0 l&rsquo;oxyg\u00e8ne actif<\/p>\n<p>&nbsp;<\/p>\n<p>Pot de 1.2 KG<br \/>\n<strong>Caract\u00e9ristiques :<\/strong><br \/>\n\u2022 Tablettes 20g \u00e0 tr\u00e8s grande vitesse d&rsquo;action, tr\u00e8s soluble et sans r\u00e9sidu<br \/>\n\u2022 Teneur moyenne en oxyg\u00e8ne disponible tr\u00e8s \u00e9lev\u00e9e<br \/>\n\u2022 Oxydation puissante des mati\u00e8res organiques de l&rsquo;eau du bassin<br \/>\n\u2022 Plus d&rsquo;odeur de chlore, ni d&rsquo;irritations des yeux ou de la peau<br \/>\n\u2022 Convient pour toutes les eaux, m\u00eame tr\u00e8s dures<br \/>\n\u2022 Compatible avec tout \u00e9quipement de filtration<br \/>\n\u2022 Efficace quelque soit le pH de l&rsquo;eau trait\u00e9e<br \/>\n\u2022 Produit compatible, dans l&rsquo;eau de bassin, avec un traitement ponctuel au chlore si besoin \u00e9tait, lors d&rsquo;une absence prolong\u00e9e par exemple<\/p>\n<p><strong>Dosage :\u00a0<\/strong><\/p>\n<ul>\n<li>1 pastille par m\u00b3 d&rsquo;eau avant et apr\u00e8s la baignade<\/li>\n<\/ul>\n","protected":false},"excerpt":{"rendered":"<p>D\u00e9sinfectant \u00e0 dissolution rapide \u00e0 l&rsquo;oxyg\u00e8ne actif &nbsp; Pot de 1.2 KG Caract\u00e9ristiques : \u2022 Tablettes 20g \u00e0 tr\u00e8s grande vitesse d&rsquo;action, tr\u00e8s soluble et sans r\u00e9sidu \u2022 Teneur moyenne en oxyg\u00e8ne disponible tr\u00e8s \u00e9lev\u00e9e \u2022 Oxydation puissante des mati\u00e8res organiques de l&rsquo;eau du bassin \u2022 Plus d&rsquo;odeur de chlore, ni d&rsquo;irritations des yeux ou&#8230;<\/p>\n","protected":false},"featured_media":15275,"comment_status":"open","ping_status":"closed","template":"","meta":{"_seopress_robots_primary_cat":"none","_seopress_titles_title":"Oxygene actif - CenterSpas","_seopress_titles_desc":"","_seopress_robots_index":""},"product_brand":[],"product_cat":[34],"product_tag":[],"class_list":{"0":"post-15272","1":"product","2":"type-product","3":"status-publish","4":"has-post-thumbnail","6":"product_cat-traitements","8":"first","9":"outofstock","10":"taxable","11":"shipping-taxable","12":"purchasable","13":"product-type-simple"},"_links":{"self":[{"href":"https:\/\/www.centerspas.com\/index.php\/wp-json\/wp\/v2\/product\/15272","targetHints":{"allow":["GET"]}}],"collection":[{"href":"https:\/\/www.centerspas.com\/index.php\/wp-json\/wp\/v2\/product"}],"about":[{"href":"https:\/\/www.centerspas.com\/index.php\/wp-json\/wp\/v2\/types\/product"}],"replies":[{"embeddable":true,"href":"https:\/\/www.centerspas.com\/index.php\/wp-json\/wp\/v2\/comments?post=15272"}],"wp:featuredmedia":[{"embeddable":true,"href":"https:\/\/www.centerspas.com\/index.php\/wp-json\/wp\/v2\/media\/15275"}],"wp:attachment":[{"href":"https:\/\/www.centerspas.com\/index.php\/wp-json\/wp\/v2\/media?parent=15272"}],"wp:term":[{"taxonomy":"product_brand","embeddable":true,"href":"https:\/\/www.centerspas.com\/index.php\/wp-json\/wp\/v2\/product_brand?post=15272"},{"taxonomy":"product_cat","embeddable":true,"href":"https:\/\/www.centerspas.com\/index.php\/wp-json\/wp\/v2\/product_cat?post=15272"},{"taxonomy":"product_tag","embeddable":true,"href":"https:\/\/www.centerspas.com\/index.php\/wp-json\/wp\/v2\/product_tag?post=15272"}],"curies":[{"name":"wp","href":"https:\/\/api.w.org\/{rel}","templated":true}]}}