{"id":15276,"date":"2024-10-04T11:41:36","date_gmt":"2024-10-04T09:41:36","guid":{"rendered":"https:\/\/www.centerspas.com\/?post_type=product&#038;p=15276"},"modified":"2025-10-03T14:16:35","modified_gmt":"2025-10-03T12:16:35","slug":"choc-sans-chlore-poudre","status":"publish","type":"product","link":"https:\/\/www.centerspas.com\/index.php\/produit\/choc-sans-chlore-poudre\/","title":{"rendered":"Choc Sans Chlore Poudre"},"content":{"rendered":"<p>Choc sans chlore \u00e0 l&rsquo;oxyg\u00e8ne actif contre les eaux vertes ou troubles<\/p>\n<p>Pot de 1.2 KG<\/p>\n<p><strong>Caract\u00e9ristiques :<\/strong><br \/>\n\u2022 Poudre \u00ab\u00a0sans chlore\u00a0\u00bb \u00e0 tr\u00e8s grande vitesse d&rsquo;action<br \/>\n\u2022 Tr\u00e8s forte teneur en mati\u00e8res actives<br \/>\n\u2022 Totalement exempt d&rsquo;acide isocyanurique (stabilisant)<br \/>\n\u2022 Convient pour toutes les eaux, m\u00eame tr\u00e8s dures<br \/>\n\u2022 Compatible avec tout \u00e9quipement de filtration<br \/>\n\u2022 Efficace quelque soit le pH de l&rsquo;eau trait\u00e9<\/p>\n<p><strong>Dosage :<\/strong><\/p>\n<ul>\n<li>Rattrapage des eaux vertes : par 20g par m\u00b3 d&rsquo;eau<\/li>\n<li>Traitement activateur de brome : 15g par m\u00b3 d&rsquo;eau<\/li>\n<\/ul>\n","protected":false},"excerpt":{"rendered":"<p>Choc sans chlore \u00e0 l&rsquo;oxyg\u00e8ne actif contre les eaux vertes ou troubles Pot de 1.2 KG Caract\u00e9ristiques : \u2022 Poudre \u00ab\u00a0sans chlore\u00a0\u00bb \u00e0 tr\u00e8s grande vitesse d&rsquo;action \u2022 Tr\u00e8s forte teneur en mati\u00e8res actives \u2022 Totalement exempt d&rsquo;acide isocyanurique (stabilisant) \u2022 Convient pour toutes les eaux, m\u00eame tr\u00e8s dures \u2022 Compatible avec tout \u00e9quipement de&#8230;<\/p>\n","protected":false},"featured_media":15279,"comment_status":"open","ping_status":"closed","template":"","meta":{"_seopress_robots_primary_cat":"none","_seopress_titles_title":"Choc Sans Chlore Poudre - CenterSpas","_seopress_titles_desc":"","_seopress_robots_index":""},"product_brand":[],"product_cat":[34],"product_tag":[],"class_list":{"0":"post-15276","1":"product","2":"type-product","3":"status-publish","4":"has-post-thumbnail","6":"product_cat-traitements","8":"first","9":"onbackorder","10":"taxable","11":"shipping-taxable","12":"purchasable","13":"product-type-simple"},"_links":{"self":[{"href":"https:\/\/www.centerspas.com\/index.php\/wp-json\/wp\/v2\/product\/15276","targetHints":{"allow":["GET"]}}],"collection":[{"href":"https:\/\/www.centerspas.com\/index.php\/wp-json\/wp\/v2\/product"}],"about":[{"href":"https:\/\/www.centerspas.com\/index.php\/wp-json\/wp\/v2\/types\/product"}],"replies":[{"embeddable":true,"href":"https:\/\/www.centerspas.com\/index.php\/wp-json\/wp\/v2\/comments?post=15276"}],"wp:featuredmedia":[{"embeddable":true,"href":"https:\/\/www.centerspas.com\/index.php\/wp-json\/wp\/v2\/media\/15279"}],"wp:attachment":[{"href":"https:\/\/www.centerspas.com\/index.php\/wp-json\/wp\/v2\/media?parent=15276"}],"wp:term":[{"taxonomy":"product_brand","embeddable":true,"href":"https:\/\/www.centerspas.com\/index.php\/wp-json\/wp\/v2\/product_brand?post=15276"},{"taxonomy":"product_cat","embeddable":true,"href":"https:\/\/www.centerspas.com\/index.php\/wp-json\/wp\/v2\/product_cat?post=15276"},{"taxonomy":"product_tag","embeddable":true,"href":"https:\/\/www.centerspas.com\/index.php\/wp-json\/wp\/v2\/product_tag?post=15276"}],"curies":[{"name":"wp","href":"https:\/\/api.w.org\/{rel}","templated":true}]}}