{"id":17451,"date":"2024-10-29T14:50:08","date_gmt":"2024-10-29T13:50:08","guid":{"rendered":"https:\/\/www.centerspas.com\/?post_type=product&#038;p=17451"},"modified":"2026-03-10T16:47:43","modified_gmt":"2026-03-10T15:47:43","slug":"spaclean","status":"publish","type":"product","link":"https:\/\/www.centerspas.com\/index.php\/produit\/spaclean\/","title":{"rendered":"Spaclean"},"content":{"rendered":"<p>Nettoyant canalisations<\/p>\n<p><strong>Caract\u00e9ristiques :<\/strong><\/p>\n<ul>\n<li>Nettoie les canalisations \u00e9quipements internes<\/li>\n<li>Elimine les d\u00e9p\u00f4ts gras et r\u00e9dsidus de savon<\/li>\n<li>Nettoie les r\u00e9sidus qui se sont acumul\u00e9s dans les canalisations et les canalisations et les \u00e9quipements des spas et bains \u00e0 remous et qui peuvent devenir une source de bact\u00e9ries<\/li>\n<li>Id\u00e9alement, le traitement doit \u00eatre effectu\u00e9 au minimum toutes les 12 semaines, avant de vidange<\/li>\n<\/ul>\n<p><strong>Dosage :<\/strong><\/p>\n<ul>\n<li>Ajouter 250ml de produit dans la chambre de\u00a0 skimmer\/filtre principal<\/li>\n<\/ul>\n","protected":false},"excerpt":{"rendered":"<p>Nettoyant canalisations Caract\u00e9ristiques : Nettoie les canalisations \u00e9quipements internes Elimine les d\u00e9p\u00f4ts gras et r\u00e9dsidus de savon Nettoie les r\u00e9sidus qui se sont acumul\u00e9s dans les canalisations et les canalisations et les \u00e9quipements des spas et bains \u00e0 remous et qui peuvent devenir une source de bact\u00e9ries Id\u00e9alement, le traitement doit \u00eatre effectu\u00e9 au minimum&#8230;<\/p>\n","protected":false},"featured_media":18751,"comment_status":"open","ping_status":"closed","template":"","meta":{"_seopress_robots_primary_cat":"none","_seopress_titles_title":"","_seopress_titles_desc":"","_seopress_robots_index":""},"product_brand":[],"product_cat":[36],"product_tag":[],"class_list":{"0":"post-17451","1":"product","2":"type-product","3":"status-publish","4":"has-post-thumbnail","6":"product_cat-nettoyages","8":"first","9":"outofstock","10":"taxable","11":"shipping-taxable","12":"purchasable","13":"product-type-simple"},"_links":{"self":[{"href":"https:\/\/www.centerspas.com\/index.php\/wp-json\/wp\/v2\/product\/17451","targetHints":{"allow":["GET"]}}],"collection":[{"href":"https:\/\/www.centerspas.com\/index.php\/wp-json\/wp\/v2\/product"}],"about":[{"href":"https:\/\/www.centerspas.com\/index.php\/wp-json\/wp\/v2\/types\/product"}],"replies":[{"embeddable":true,"href":"https:\/\/www.centerspas.com\/index.php\/wp-json\/wp\/v2\/comments?post=17451"}],"wp:featuredmedia":[{"embeddable":true,"href":"https:\/\/www.centerspas.com\/index.php\/wp-json\/wp\/v2\/media\/18751"}],"wp:attachment":[{"href":"https:\/\/www.centerspas.com\/index.php\/wp-json\/wp\/v2\/media?parent=17451"}],"wp:term":[{"taxonomy":"product_brand","embeddable":true,"href":"https:\/\/www.centerspas.com\/index.php\/wp-json\/wp\/v2\/product_brand?post=17451"},{"taxonomy":"product_cat","embeddable":true,"href":"https:\/\/www.centerspas.com\/index.php\/wp-json\/wp\/v2\/product_cat?post=17451"},{"taxonomy":"product_tag","embeddable":true,"href":"https:\/\/www.centerspas.com\/index.php\/wp-json\/wp\/v2\/product_tag?post=17451"}],"curies":[{"name":"wp","href":"https:\/\/api.w.org\/{rel}","templated":true}]}}