{"id":25415,"date":"2025-03-21T17:18:51","date_gmt":"2025-03-21T16:18:51","guid":{"rendered":"https:\/\/www.centerspas.com\/?post_type=product&#038;p=25415"},"modified":"2026-03-10T16:32:40","modified_gmt":"2026-03-10T15:32:40","slug":"lot-de-traitement-spasfrog-3-brome-1-mineraux","status":"publish","type":"product","link":"https:\/\/www.centerspas.com\/index.php\/produit\/lot-de-traitement-spasfrog-3-brome-1-mineraux\/","title":{"rendered":"Lot de Traitement SpasFrog 3 Brome + 1 Min\u00e9raux"},"content":{"rendered":"","protected":false},"excerpt":{"rendered":"","protected":false},"featured_media":25416,"comment_status":"open","ping_status":"closed","template":"","meta":{"_seopress_robots_primary_cat":"none","_seopress_titles_title":"Lot de Traitement SpaFrog 3 Brome + 1 Min\u00e9raux - CenterSpas","_seopress_titles_desc":"Produits entretien spa livr\u00e9s \u00e0 domicile","_seopress_robots_index":""},"product_brand":[],"product_cat":[34],"product_tag":[],"class_list":{"0":"post-25415","1":"product","2":"type-product","3":"status-publish","4":"has-post-thumbnail","6":"product_cat-traitements","8":"first","9":"outofstock","10":"taxable","11":"shipping-taxable","12":"purchasable","13":"product-type-simple"},"_links":{"self":[{"href":"https:\/\/www.centerspas.com\/index.php\/wp-json\/wp\/v2\/product\/25415","targetHints":{"allow":["GET"]}}],"collection":[{"href":"https:\/\/www.centerspas.com\/index.php\/wp-json\/wp\/v2\/product"}],"about":[{"href":"https:\/\/www.centerspas.com\/index.php\/wp-json\/wp\/v2\/types\/product"}],"replies":[{"embeddable":true,"href":"https:\/\/www.centerspas.com\/index.php\/wp-json\/wp\/v2\/comments?post=25415"}],"wp:featuredmedia":[{"embeddable":true,"href":"https:\/\/www.centerspas.com\/index.php\/wp-json\/wp\/v2\/media\/25416"}],"wp:attachment":[{"href":"https:\/\/www.centerspas.com\/index.php\/wp-json\/wp\/v2\/media?parent=25415"}],"wp:term":[{"taxonomy":"product_brand","embeddable":true,"href":"https:\/\/www.centerspas.com\/index.php\/wp-json\/wp\/v2\/product_brand?post=25415"},{"taxonomy":"product_cat","embeddable":true,"href":"https:\/\/www.centerspas.com\/index.php\/wp-json\/wp\/v2\/product_cat?post=25415"},{"taxonomy":"product_tag","embeddable":true,"href":"https:\/\/www.centerspas.com\/index.php\/wp-json\/wp\/v2\/product_tag?post=25415"}],"curies":[{"name":"wp","href":"https:\/\/api.w.org\/{rel}","templated":true}]}}